{"id":269,"date":"2019-03-21T03:28:02","date_gmt":"2019-03-21T03:28:02","guid":{"rendered":"https:\/\/cr.weiss-bochum.de\/?page_id=269"},"modified":"2019-03-25T13:46:05","modified_gmt":"2019-03-25T13:46:05","slug":"mi-20-3","status":"publish","type":"page","link":"https:\/\/cr.weiss-bochum.de\/index.php\/mi-20-3\/","title":{"rendered":"Mi 20.3."},"content":{"rendered":"<p><div class=\"fusion-fullwidth fullwidth-box fusion-builder-row-1 nonhundred-percent-fullwidth non-hundred-percent-height-scrolling\" style=\"background-color: rgba(255,255,255,0);background-position: center center;background-repeat: no-repeat;padding-top:0px;padding-right:0px;padding-bottom:0px;padding-left:0px;margin-bottom: 0px;margin-top: -20px;border-width: 0px 0px 0px 0px;border-color:#eae9e9;border-style:solid;\" ><div class=\"fusion-builder-row fusion-row\"><div class=\"fusion-layout-column fusion_builder_column fusion-builder-column-0 fusion_builder_column_1_1 1_1 fusion-one-full fusion-column-first fusion-column-last\" style=\"margin-top:0px;margin-bottom:20px;\"><div class=\"fusion-column-wrapper fusion-flex-column-wrapper-legacy\" style=\"background-position:left top;background-repeat:no-repeat;-webkit-background-size:cover;-moz-background-size:cover;-o-background-size:cover;background-size:cover;padding: 0px 0px 0px 0px;\"><div class=\"fusion-text fusion-text-1\"><h2 style=\"text-align: right;\"><strong>\u2014&gt; \u00a0<a href=\"https:\/\/cr.weiss-bochum.de\/index.php\/do-21-3\/\">Do 21.3.<\/a><\/strong><\/h2>\n<\/div><div class=\"fusion-text fusion-text-2\"><h2><em><strong>Auf dem Vulkan Arenal<\/strong><\/em><\/h2>\n<\/div><div class=\"fusion-clearfix\"><\/div><\/div><\/div><div class=\"fusion-layout-column fusion_builder_column fusion-builder-column-1 fusion_builder_column_1_3 1_3 fusion-one-third fusion-column-first\" style=\"width:33.333333333333%;width:calc(33.333333333333% - ( ( 4% + 4% ) * 0.33333333333333 ) );margin-right: 4%;margin-top:0px;margin-bottom:20px;\"><div class=\"fusion-column-wrapper fusion-flex-column-wrapper-legacy\" style=\"background-position:left top;background-repeat:no-repeat;-webkit-background-size:cover;-moz-background-size:cover;-o-background-size:cover;background-size:cover;padding: 0px 0px 0px 0px;\"><span class=\" fusion-imageframe imageframe-none imageframe-1 hover-type-none\"><img decoding=\"async\" width=\"300\" height=\"169\" title=\"21AEE1F4-EE3C-4168-B18E-FBAB7B86995B\" src=\"https:\/\/cr.weiss-bochum.de\/wp-content\/uploads\/2019\/03\/21AEE1F4-EE3C-4168-B18E-FBAB7B86995B-300x169.jpeg\" class=\"img-responsive wp-image-336\" srcset=\"https:\/\/cr.weiss-bochum.de\/wp-content\/uploads\/2019\/03\/21AEE1F4-EE3C-4168-B18E-FBAB7B86995B-200x112.jpeg 200w, https:\/\/cr.weiss-bochum.de\/wp-content\/uploads\/2019\/03\/21AEE1F4-EE3C-4168-B18E-FBAB7B86995B-400x225.jpeg 400w, https:\/\/cr.weiss-bochum.de\/wp-content\/uploads\/2019\/03\/21AEE1F4-EE3C-4168-B18E-FBAB7B86995B-600x337.jpeg 600w, https:\/\/cr.weiss-bochum.de\/wp-content\/uploads\/2019\/03\/21AEE1F4-EE3C-4168-B18E-FBAB7B86995B-800x450.jpeg 800w, https:\/\/cr.weiss-bochum.de\/wp-content\/uploads\/2019\/03\/21AEE1F4-EE3C-4168-B18E-FBAB7B86995B-1200x675.jpeg 1200w, https:\/\/cr.weiss-bochum.de\/wp-content\/uploads\/2019\/03\/21AEE1F4-EE3C-4168-B18E-FBAB7B86995B.jpeg 1334w\" sizes=\"(max-width: 800px) 100vw, 400px\" \/><\/span><div class=\"fusion-clearfix\"><\/div><\/div><\/div><div class=\"fusion-layout-column fusion_builder_column fusion-builder-column-2 fusion_builder_column_1_3 1_3 fusion-one-third\" style=\"width:33.333333333333%;width:calc(33.333333333333% - ( ( 4% + 4% ) * 0.33333333333333 ) );margin-right: 4%;margin-top:0px;margin-bottom:20px;\"><div class=\"fusion-column-wrapper fusion-flex-column-wrapper-legacy\" style=\"background-position:left top;background-repeat:no-repeat;-webkit-background-size:cover;-moz-background-size:cover;-o-background-size:cover;background-size:cover;padding: 0px 0px 0px 0px;\"><span class=\" fusion-imageframe imageframe-none imageframe-2 hover-type-none\"><img decoding=\"async\" width=\"300\" height=\"200\" title=\"AD491BF0-73BA-4C66-8B5B-5A0AE9E6AC09\" src=\"https:\/\/cr.weiss-bochum.de\/wp-content\/uploads\/2019\/03\/AD491BF0-73BA-4C66-8B5B-5A0AE9E6AC09-300x200.jpeg\" class=\"img-responsive wp-image-362\" srcset=\"https:\/\/cr.weiss-bochum.de\/wp-content\/uploads\/2019\/03\/AD491BF0-73BA-4C66-8B5B-5A0AE9E6AC09-200x133.jpeg 200w, https:\/\/cr.weiss-bochum.de\/wp-content\/uploads\/2019\/03\/AD491BF0-73BA-4C66-8B5B-5A0AE9E6AC09-400x267.jpeg 400w, https:\/\/cr.weiss-bochum.de\/wp-content\/uploads\/2019\/03\/AD491BF0-73BA-4C66-8B5B-5A0AE9E6AC09-600x400.jpeg 600w, https:\/\/cr.weiss-bochum.de\/wp-content\/uploads\/2019\/03\/AD491BF0-73BA-4C66-8B5B-5A0AE9E6AC09-800x533.jpeg 800w, https:\/\/cr.weiss-bochum.de\/wp-content\/uploads\/2019\/03\/AD491BF0-73BA-4C66-8B5B-5A0AE9E6AC09-1200x800.jpeg 1200w\" sizes=\"(max-width: 800px) 100vw, 400px\" \/><\/span><div class=\"fusion-clearfix\"><\/div><\/div><\/div><div class=\"fusion-layout-column fusion_builder_column fusion-builder-column-3 fusion_builder_column_1_3 1_3 fusion-one-third fusion-column-last\" style=\"width:33.333333333333%;width:calc(33.333333333333% - ( ( 4% + 4% ) * 0.33333333333333 ) );margin-top:0px;margin-bottom:20px;\"><div class=\"fusion-column-wrapper fusion-flex-column-wrapper-legacy\" style=\"background-position:left top;background-repeat:no-repeat;-webkit-background-size:cover;-moz-background-size:cover;-o-background-size:cover;background-size:cover;padding: 0px 0px 0px 0px;\"><span class=\" fusion-imageframe imageframe-none imageframe-3 hover-type-none\"><img decoding=\"async\" width=\"300\" height=\"200\" title=\"C3E9881A-026A-453F-AB9D-6AF97082B577\" src=\"https:\/\/cr.weiss-bochum.de\/wp-content\/uploads\/2019\/03\/C3E9881A-026A-453F-AB9D-6AF97082B577-300x200.jpeg\" class=\"img-responsive wp-image-361\" srcset=\"https:\/\/cr.weiss-bochum.de\/wp-content\/uploads\/2019\/03\/C3E9881A-026A-453F-AB9D-6AF97082B577-200x133.jpeg 200w, https:\/\/cr.weiss-bochum.de\/wp-content\/uploads\/2019\/03\/C3E9881A-026A-453F-AB9D-6AF97082B577-400x267.jpeg 400w, https:\/\/cr.weiss-bochum.de\/wp-content\/uploads\/2019\/03\/C3E9881A-026A-453F-AB9D-6AF97082B577-600x400.jpeg 600w, https:\/\/cr.weiss-bochum.de\/wp-content\/uploads\/2019\/03\/C3E9881A-026A-453F-AB9D-6AF97082B577-800x533.jpeg 800w, https:\/\/cr.weiss-bochum.de\/wp-content\/uploads\/2019\/03\/C3E9881A-026A-453F-AB9D-6AF97082B577-1200x800.jpeg 1200w\" sizes=\"(max-width: 800px) 100vw, 400px\" \/><\/span><div class=\"fusion-clearfix\"><\/div><\/div><\/div><div class=\"fusion-layout-column fusion_builder_column fusion-builder-column-4 fusion_builder_column_1_1 1_1 fusion-one-full fusion-column-first fusion-column-last\" style=\"margin-top:0px;margin-bottom:20px;\"><div class=\"fusion-column-wrapper fusion-flex-column-wrapper-legacy\" style=\"background-position:left top;background-repeat:no-repeat;-webkit-background-size:cover;-moz-background-size:cover;-o-background-size:cover;background-size:cover;padding: 0px 0px 0px 0px;\"><div class=\"fusion-text fusion-text-3\"><h2><strong>Der Arenal versteckt sich die meiste Zeit in den Wolken, dennoch brechen wir zu einer<span class=\"Apple-converted-space\">\u00a0 <\/span>leichten Tour auf, die uns nah an den Berg heranf\u00fchrt &#8211; zu einem Aussichtspunkt auf einen der beiden Krater. Dem anderen Krater darf man nicht zu nahe kommen, weil er st\u00e4ndig aktiv ist und Asche ausst\u00f6\u00dft. Leider bekommen wir den Vulkan an diesem Tag aber nicht ohne Wolken!<span class=\"Apple-converted-space\">\u00a0<\/span><\/strong><span class=\"Apple-converted-space\">\u00a0<\/span><\/h2>\n<\/div><div class=\"fusion-clearfix\"><\/div><\/div><\/div><\/div><\/div><div class=\"fusion-fullwidth fullwidth-box fusion-builder-row-2 nonhundred-percent-fullwidth non-hundred-percent-height-scrolling\" style=\"background-color: rgba(255,255,255,0);background-position: center center;background-repeat: no-repeat;padding-top:0px;padding-right:0px;padding-bottom:0px;padding-left:0px;margin-bottom: 0px;margin-top: 0px;border-width: 0px 0px 0px 0px;border-color:#eae9e9;border-style:solid;\" ><div class=\"fusion-builder-row fusion-row\"><div class=\"fusion-layout-column fusion_builder_column fusion-builder-column-5 fusion_builder_column_1_1 1_1 fusion-one-full fusion-column-first fusion-column-last\" style=\"margin-top:0px;margin-bottom:20px;\"><div class=\"fusion-column-wrapper fusion-flex-column-wrapper-legacy\" style=\"background-position:left top;background-repeat:no-repeat;-webkit-background-size:cover;-moz-background-size:cover;-o-background-size:cover;background-size:cover;padding: 0px 0px 0px 0px;\"><div class=\"fusion-text fusion-text-4\"><h2><em><strong>Besuch bei den Malekus<\/strong><\/em><\/h2>\n<\/div><div class=\"fusion-clearfix\"><\/div><\/div><\/div><div class=\"fusion-layout-column fusion_builder_column fusion-builder-column-6 fusion_builder_column_1_3 1_3 fusion-one-third fusion-column-first\" style=\"width:33.333333333333%;width:calc(33.333333333333% - ( ( 4% + 4% ) * 0.33333333333333 ) );margin-right: 4%;margin-top:0px;margin-bottom:20px;\"><div class=\"fusion-column-wrapper fusion-flex-column-wrapper-legacy\" style=\"background-position:left top;background-repeat:no-repeat;-webkit-background-size:cover;-moz-background-size:cover;-o-background-size:cover;background-size:cover;padding: 0px 0px 0px 0px;\"><span class=\" fusion-imageframe imageframe-none imageframe-4 hover-type-none\"><img decoding=\"async\" width=\"300\" height=\"200\" title=\"EC20A1B0-DC32-443F-B32E-5F6BA0627332\" src=\"https:\/\/cr.weiss-bochum.de\/wp-content\/uploads\/2019\/03\/EC20A1B0-DC32-443F-B32E-5F6BA0627332-300x200.jpeg\" class=\"img-responsive wp-image-364\" srcset=\"https:\/\/cr.weiss-bochum.de\/wp-content\/uploads\/2019\/03\/EC20A1B0-DC32-443F-B32E-5F6BA0627332-200x133.jpeg 200w, https:\/\/cr.weiss-bochum.de\/wp-content\/uploads\/2019\/03\/EC20A1B0-DC32-443F-B32E-5F6BA0627332-400x267.jpeg 400w, https:\/\/cr.weiss-bochum.de\/wp-content\/uploads\/2019\/03\/EC20A1B0-DC32-443F-B32E-5F6BA0627332-600x400.jpeg 600w, https:\/\/cr.weiss-bochum.de\/wp-content\/uploads\/2019\/03\/EC20A1B0-DC32-443F-B32E-5F6BA0627332-800x533.jpeg 800w, https:\/\/cr.weiss-bochum.de\/wp-content\/uploads\/2019\/03\/EC20A1B0-DC32-443F-B32E-5F6BA0627332-1200x800.jpeg 1200w\" sizes=\"(max-width: 800px) 100vw, 400px\" \/><\/span><div class=\"fusion-clearfix\"><\/div><\/div><\/div><div class=\"fusion-layout-column fusion_builder_column fusion-builder-column-7 fusion_builder_column_1_3 1_3 fusion-one-third\" style=\"width:33.333333333333%;width:calc(33.333333333333% - ( ( 4% + 4% ) * 0.33333333333333 ) );margin-right: 4%;margin-top:0px;margin-bottom:20px;\"><div class=\"fusion-column-wrapper fusion-flex-column-wrapper-legacy\" style=\"background-position:left top;background-repeat:no-repeat;-webkit-background-size:cover;-moz-background-size:cover;-o-background-size:cover;background-size:cover;padding: 0px 0px 0px 0px;\"><span class=\" fusion-imageframe imageframe-none imageframe-5 hover-type-none\"><img decoding=\"async\" width=\"300\" height=\"200\" title=\"BAB74401-C626-4F70-A45C-020563211C6C\" src=\"https:\/\/cr.weiss-bochum.de\/wp-content\/uploads\/2019\/03\/BAB74401-C626-4F70-A45C-020563211C6C-300x200.jpeg\" class=\"img-responsive wp-image-363\" srcset=\"https:\/\/cr.weiss-bochum.de\/wp-content\/uploads\/2019\/03\/BAB74401-C626-4F70-A45C-020563211C6C-200x133.jpeg 200w, https:\/\/cr.weiss-bochum.de\/wp-content\/uploads\/2019\/03\/BAB74401-C626-4F70-A45C-020563211C6C-400x267.jpeg 400w, https:\/\/cr.weiss-bochum.de\/wp-content\/uploads\/2019\/03\/BAB74401-C626-4F70-A45C-020563211C6C-600x400.jpeg 600w, https:\/\/cr.weiss-bochum.de\/wp-content\/uploads\/2019\/03\/BAB74401-C626-4F70-A45C-020563211C6C-800x533.jpeg 800w, https:\/\/cr.weiss-bochum.de\/wp-content\/uploads\/2019\/03\/BAB74401-C626-4F70-A45C-020563211C6C-1200x800.jpeg 1200w\" sizes=\"(max-width: 800px) 100vw, 400px\" \/><\/span><div class=\"fusion-clearfix\"><\/div><\/div><\/div><div class=\"fusion-layout-column fusion_builder_column fusion-builder-column-8 fusion_builder_column_1_3 1_3 fusion-one-third fusion-column-last\" style=\"width:33.333333333333%;width:calc(33.333333333333% - ( ( 4% + 4% ) * 0.33333333333333 ) );margin-top:0px;margin-bottom:20px;\"><div class=\"fusion-column-wrapper fusion-flex-column-wrapper-legacy\" style=\"background-position:left top;background-repeat:no-repeat;-webkit-background-size:cover;-moz-background-size:cover;-o-background-size:cover;background-size:cover;padding: 0px 0px 0px 0px;\"><span class=\" fusion-imageframe imageframe-none imageframe-6 hover-type-none\"><img decoding=\"async\" width=\"300\" height=\"200\" title=\"69821BA3-A5EF-4550-86E5-B16C715897D8\" src=\"https:\/\/cr.weiss-bochum.de\/wp-content\/uploads\/2019\/03\/69821BA3-A5EF-4550-86E5-B16C715897D8-300x200.jpeg\" class=\"img-responsive wp-image-365\" srcset=\"https:\/\/cr.weiss-bochum.de\/wp-content\/uploads\/2019\/03\/69821BA3-A5EF-4550-86E5-B16C715897D8-200x133.jpeg 200w, https:\/\/cr.weiss-bochum.de\/wp-content\/uploads\/2019\/03\/69821BA3-A5EF-4550-86E5-B16C715897D8-400x267.jpeg 400w, https:\/\/cr.weiss-bochum.de\/wp-content\/uploads\/2019\/03\/69821BA3-A5EF-4550-86E5-B16C715897D8-600x400.jpeg 600w, https:\/\/cr.weiss-bochum.de\/wp-content\/uploads\/2019\/03\/69821BA3-A5EF-4550-86E5-B16C715897D8-800x533.jpeg 800w, https:\/\/cr.weiss-bochum.de\/wp-content\/uploads\/2019\/03\/69821BA3-A5EF-4550-86E5-B16C715897D8-1200x800.jpeg 1200w\" sizes=\"(max-width: 800px) 100vw, 400px\" \/><\/span><div class=\"fusion-clearfix\"><\/div><\/div><\/div><div class=\"fusion-layout-column fusion_builder_column fusion-builder-column-9 fusion_builder_column_1_3 1_3 fusion-one-third fusion-column-first\" style=\"width:33.333333333333%;width:calc(33.333333333333% - ( ( 4% + 4% ) * 0.33333333333333 ) );margin-right: 4%;margin-top:0px;margin-bottom:20px;\"><div class=\"fusion-column-wrapper fusion-flex-column-wrapper-legacy\" style=\"background-position:left top;background-repeat:no-repeat;-webkit-background-size:cover;-moz-background-size:cover;-o-background-size:cover;background-size:cover;padding: 0px 0px 0px 0px;\"><span class=\" fusion-imageframe imageframe-none imageframe-7 hover-type-none\"><img decoding=\"async\" width=\"300\" height=\"200\" title=\"F8E9F258-6E0A-44BB-A89B-8DA47A203E1F\" src=\"https:\/\/cr.weiss-bochum.de\/wp-content\/uploads\/2019\/03\/F8E9F258-6E0A-44BB-A89B-8DA47A203E1F-300x200.jpeg\" class=\"img-responsive wp-image-366\" srcset=\"https:\/\/cr.weiss-bochum.de\/wp-content\/uploads\/2019\/03\/F8E9F258-6E0A-44BB-A89B-8DA47A203E1F-200x133.jpeg 200w, https:\/\/cr.weiss-bochum.de\/wp-content\/uploads\/2019\/03\/F8E9F258-6E0A-44BB-A89B-8DA47A203E1F-400x267.jpeg 400w, https:\/\/cr.weiss-bochum.de\/wp-content\/uploads\/2019\/03\/F8E9F258-6E0A-44BB-A89B-8DA47A203E1F-600x400.jpeg 600w, https:\/\/cr.weiss-bochum.de\/wp-content\/uploads\/2019\/03\/F8E9F258-6E0A-44BB-A89B-8DA47A203E1F-800x533.jpeg 800w, https:\/\/cr.weiss-bochum.de\/wp-content\/uploads\/2019\/03\/F8E9F258-6E0A-44BB-A89B-8DA47A203E1F-1200x800.jpeg 1200w\" sizes=\"(max-width: 800px) 100vw, 400px\" \/><\/span><div class=\"fusion-clearfix\"><\/div><\/div><\/div><div class=\"fusion-layout-column fusion_builder_column fusion-builder-column-10 fusion_builder_column_1_3 1_3 fusion-one-third\" style=\"width:33.333333333333%;width:calc(33.333333333333% - ( ( 4% + 4% ) * 0.33333333333333 ) );margin-right: 4%;margin-top:0px;margin-bottom:20px;\"><div class=\"fusion-column-wrapper fusion-flex-column-wrapper-legacy\" style=\"background-position:left top;background-repeat:no-repeat;-webkit-background-size:cover;-moz-background-size:cover;-o-background-size:cover;background-size:cover;padding: 0px 0px 0px 0px;\"><span class=\" fusion-imageframe imageframe-none imageframe-8 hover-type-none\"><img decoding=\"async\" width=\"300\" height=\"200\" title=\"27544C5F-5BF5-429F-A7E8-7FDF4DDA269D\" src=\"https:\/\/cr.weiss-bochum.de\/wp-content\/uploads\/2019\/03\/27544C5F-5BF5-429F-A7E8-7FDF4DDA269D-300x200.jpeg\" class=\"img-responsive wp-image-367\" srcset=\"https:\/\/cr.weiss-bochum.de\/wp-content\/uploads\/2019\/03\/27544C5F-5BF5-429F-A7E8-7FDF4DDA269D-200x133.jpeg 200w, https:\/\/cr.weiss-bochum.de\/wp-content\/uploads\/2019\/03\/27544C5F-5BF5-429F-A7E8-7FDF4DDA269D-400x267.jpeg 400w, https:\/\/cr.weiss-bochum.de\/wp-content\/uploads\/2019\/03\/27544C5F-5BF5-429F-A7E8-7FDF4DDA269D-600x400.jpeg 600w, https:\/\/cr.weiss-bochum.de\/wp-content\/uploads\/2019\/03\/27544C5F-5BF5-429F-A7E8-7FDF4DDA269D-800x533.jpeg 800w, https:\/\/cr.weiss-bochum.de\/wp-content\/uploads\/2019\/03\/27544C5F-5BF5-429F-A7E8-7FDF4DDA269D-1200x800.jpeg 1200w\" sizes=\"(max-width: 800px) 100vw, 400px\" \/><\/span><div class=\"fusion-clearfix\"><\/div><\/div><\/div><div class=\"fusion-layout-column fusion_builder_column fusion-builder-column-11 fusion_builder_column_1_3 1_3 fusion-one-third fusion-column-last\" style=\"width:33.333333333333%;width:calc(33.333333333333% - ( ( 4% + 4% ) * 0.33333333333333 ) );margin-top:0px;margin-bottom:20px;\"><div class=\"fusion-column-wrapper fusion-flex-column-wrapper-legacy\" style=\"background-position:left top;background-repeat:no-repeat;-webkit-background-size:cover;-moz-background-size:cover;-o-background-size:cover;background-size:cover;padding: 0px 0px 0px 0px;\"><span class=\" fusion-imageframe imageframe-none imageframe-9 hover-type-none\"><img decoding=\"async\" width=\"300\" height=\"200\" title=\"9307E9BB-0B41-4560-BFF7-88069A503F13\" src=\"https:\/\/cr.weiss-bochum.de\/wp-content\/uploads\/2019\/03\/9307E9BB-0B41-4560-BFF7-88069A503F13-300x200.jpeg\" class=\"img-responsive wp-image-368\" srcset=\"https:\/\/cr.weiss-bochum.de\/wp-content\/uploads\/2019\/03\/9307E9BB-0B41-4560-BFF7-88069A503F13-200x133.jpeg 200w, https:\/\/cr.weiss-bochum.de\/wp-content\/uploads\/2019\/03\/9307E9BB-0B41-4560-BFF7-88069A503F13-400x267.jpeg 400w, https:\/\/cr.weiss-bochum.de\/wp-content\/uploads\/2019\/03\/9307E9BB-0B41-4560-BFF7-88069A503F13-600x400.jpeg 600w, https:\/\/cr.weiss-bochum.de\/wp-content\/uploads\/2019\/03\/9307E9BB-0B41-4560-BFF7-88069A503F13-800x533.jpeg 800w, https:\/\/cr.weiss-bochum.de\/wp-content\/uploads\/2019\/03\/9307E9BB-0B41-4560-BFF7-88069A503F13-1200x800.jpeg 1200w\" sizes=\"(max-width: 800px) 100vw, 400px\" \/><\/span><div class=\"fusion-clearfix\"><\/div><\/div><\/div><div class=\"fusion-layout-column fusion_builder_column fusion-builder-column-12 fusion_builder_column_1_1 1_1 fusion-one-full fusion-column-first fusion-column-last\" style=\"margin-top:0px;margin-bottom:20px;\"><div class=\"fusion-column-wrapper fusion-flex-column-wrapper-legacy\" style=\"background-position:left top;background-repeat:no-repeat;-webkit-background-size:cover;-moz-background-size:cover;-o-background-size:cover;background-size:cover;padding: 0px 0px 0px 0px;\"><div class=\"fusion-text fusion-text-5\"><h2>Am Mittag steht ein Besuch in einem Dorf der Malekus an, ein indigenes Volk.<\/h2>\n<h2>Sie haben f\u00fcr uns in ihrer einfachen K\u00fcche in einem gro\u00dfen \u00fcberdachten Bereich gekocht. Wir sind ganz mutig und probieren alles! Reis, Bohnen, gebackener Fisch, gebackene Bananen, Ananas&#8230; Kaffee. Die Dorf\u00e4lteste halt einen Vortrag f\u00fcr uns. Es gibt nur noch ca. 600 Malekus in Costa Rica. Die wichtigste Einnahmequelle ist das Kunsthandwerk. Das m\u00fcssen wir nat\u00fcrlich unterst\u00fctzen, wenn auch unsere Koffer schon aus allen N\u00e4hten platzen.<\/h2>\n<h2><strong>Am Abend steht schon das Abschiedsessen f\u00fcr die Gruppe in einem guten Restaurant in La Fortuna an.<\/strong><\/h2>\n<\/div><div class=\"fusion-clearfix\"><\/div><\/div><\/div><\/div><\/div><\/p>\n","protected":false},"excerpt":{"rendered":"","protected":false},"author":2,"featured_media":0,"parent":0,"menu_order":0,"comment_status":"closed","ping_status":"closed","template":"","meta":{"footnotes":""},"class_list":["post-269","page","type-page","status-publish","hentry"],"_links":{"self":[{"href":"https:\/\/cr.weiss-bochum.de\/index.php\/wp-json\/wp\/v2\/pages\/269","targetHints":{"allow":["GET"]}}],"collection":[{"href":"https:\/\/cr.weiss-bochum.de\/index.php\/wp-json\/wp\/v2\/pages"}],"about":[{"href":"https:\/\/cr.weiss-bochum.de\/index.php\/wp-json\/wp\/v2\/types\/page"}],"author":[{"embeddable":true,"href":"https:\/\/cr.weiss-bochum.de\/index.php\/wp-json\/wp\/v2\/users\/2"}],"replies":[{"embeddable":true,"href":"https:\/\/cr.weiss-bochum.de\/index.php\/wp-json\/wp\/v2\/comments?post=269"}],"version-history":[{"count":16,"href":"https:\/\/cr.weiss-bochum.de\/index.php\/wp-json\/wp\/v2\/pages\/269\/revisions"}],"predecessor-version":[{"id":374,"href":"https:\/\/cr.weiss-bochum.de\/index.php\/wp-json\/wp\/v2\/pages\/269\/revisions\/374"}],"wp:attachment":[{"href":"https:\/\/cr.weiss-bochum.de\/index.php\/wp-json\/wp\/v2\/media?parent=269"}],"curies":[{"name":"wp","href":"https:\/\/api.w.org\/{rel}","templated":true}]}}