{"id":226,"date":"2019-03-19T03:11:35","date_gmt":"2019-03-19T03:11:35","guid":{"rendered":"https:\/\/cr.weiss-bochum.de\/?page_id=226"},"modified":"2019-03-23T21:14:58","modified_gmt":"2019-03-23T21:14:58","slug":"so-17-3","status":"publish","type":"page","link":"https:\/\/cr.weiss-bochum.de\/index.php\/so-17-3\/","title":{"rendered":"So 17.3."},"content":{"rendered":"<p><div class=\"fusion-fullwidth fullwidth-box fusion-builder-row-1 nonhundred-percent-fullwidth non-hundred-percent-height-scrolling\" style=\"background-color: rgba(255,255,255,0);background-position: center center;background-repeat: no-repeat;padding-top:0px;padding-right:0px;padding-bottom:0px;padding-left:0px;margin-bottom: 0px;margin-top: 0px;border-width: 0px 0px 0px 0px;border-color:#eae9e9;border-style:solid;\" ><div class=\"fusion-builder-row fusion-row\"><div class=\"fusion-layout-column fusion_builder_column fusion-builder-column-0 fusion_builder_column_1_1 1_1 fusion-one-full fusion-column-first fusion-column-last\" style=\"margin-top:0px;margin-bottom:20px;\"><div class=\"fusion-column-wrapper fusion-flex-column-wrapper-legacy\" style=\"background-position:left top;background-repeat:no-repeat;-webkit-background-size:cover;-moz-background-size:cover;-o-background-size:cover;background-size:cover;padding: 0px 0px 0px 0px;\"><div class=\"fusion-text fusion-text-1\"><h2 style=\"text-align: right;\"><strong>\u2014&gt; \u00a0<a href=\"https:\/\/cr.weiss-bochum.de\/index.php\/mo-18-3\/\">Mo 18.3.<\/a><\/strong><\/h2>\n<\/div><div class=\"fusion-clearfix\"><\/div><\/div><\/div><div class=\"fusion-layout-column fusion_builder_column fusion-builder-column-1 fusion_builder_column_1_1 1_1 fusion-one-full fusion-column-first fusion-column-last\" style=\"margin-top:0px;margin-bottom:20px;\"><div class=\"fusion-column-wrapper fusion-flex-column-wrapper-legacy\" style=\"background-position:left top;background-repeat:no-repeat;-webkit-background-size:cover;-moz-background-size:cover;-o-background-size:cover;background-size:cover;padding: 0px 0px 0px 0px;\"><div class=\"fusion-text fusion-text-2\"><h2><em><strong>Bootsfahrt auf dem Rio T\u00e1rcoles durch die Mangrovenw\u00e4lder<\/strong><\/em><\/h2>\n<\/div><div class=\"fusion-clearfix\"><\/div><\/div><\/div><div class=\"fusion-layout-column fusion_builder_column fusion-builder-column-2 fusion_builder_column_1_3 1_3 fusion-one-third fusion-column-first\" style=\"width:33.333333333333%;width:calc(33.333333333333% - ( ( 4% + 4% ) * 0.33333333333333 ) );margin-right: 4%;margin-top:0px;margin-bottom:20px;\"><div class=\"fusion-column-wrapper fusion-flex-column-wrapper-legacy\" style=\"background-position:left top;background-repeat:no-repeat;-webkit-background-size:cover;-moz-background-size:cover;-o-background-size:cover;background-size:cover;padding: 0px 0px 0px 0px;\"><span class=\" fusion-imageframe imageframe-none imageframe-1 hover-type-none\"><img decoding=\"async\" width=\"300\" height=\"200\" title=\"D01EB9D1-E1F8-4A6D-BA30-CD388DC4EC81\" src=\"https:\/\/cr.weiss-bochum.de\/wp-content\/uploads\/2019\/03\/D01EB9D1-E1F8-4A6D-BA30-CD388DC4EC81-300x200.jpeg\" class=\"img-responsive wp-image-237\" srcset=\"https:\/\/cr.weiss-bochum.de\/wp-content\/uploads\/2019\/03\/D01EB9D1-E1F8-4A6D-BA30-CD388DC4EC81-200x133.jpeg 200w, https:\/\/cr.weiss-bochum.de\/wp-content\/uploads\/2019\/03\/D01EB9D1-E1F8-4A6D-BA30-CD388DC4EC81-400x267.jpeg 400w, https:\/\/cr.weiss-bochum.de\/wp-content\/uploads\/2019\/03\/D01EB9D1-E1F8-4A6D-BA30-CD388DC4EC81-600x400.jpeg 600w, https:\/\/cr.weiss-bochum.de\/wp-content\/uploads\/2019\/03\/D01EB9D1-E1F8-4A6D-BA30-CD388DC4EC81-800x533.jpeg 800w, https:\/\/cr.weiss-bochum.de\/wp-content\/uploads\/2019\/03\/D01EB9D1-E1F8-4A6D-BA30-CD388DC4EC81-1200x800.jpeg 1200w\" sizes=\"(max-width: 800px) 100vw, 400px\" \/><\/span><div class=\"fusion-clearfix\"><\/div><\/div><\/div><div class=\"fusion-layout-column fusion_builder_column fusion-builder-column-3 fusion_builder_column_1_3 1_3 fusion-one-third\" style=\"width:33.333333333333%;width:calc(33.333333333333% - ( ( 4% + 4% ) * 0.33333333333333 ) );margin-right: 4%;margin-top:0px;margin-bottom:20px;\"><div class=\"fusion-column-wrapper fusion-flex-column-wrapper-legacy\" style=\"background-position:left top;background-repeat:no-repeat;-webkit-background-size:cover;-moz-background-size:cover;-o-background-size:cover;background-size:cover;padding: 0px 0px 0px 0px;\"><span class=\" fusion-imageframe imageframe-none imageframe-2 hover-type-none\"><img decoding=\"async\" width=\"300\" height=\"200\" title=\"FD9FF44F-E0E1-42D9-88D0-1B578D77544C\" src=\"https:\/\/cr.weiss-bochum.de\/wp-content\/uploads\/2019\/03\/FD9FF44F-E0E1-42D9-88D0-1B578D77544C-300x200.jpeg\" class=\"img-responsive wp-image-238\" srcset=\"https:\/\/cr.weiss-bochum.de\/wp-content\/uploads\/2019\/03\/FD9FF44F-E0E1-42D9-88D0-1B578D77544C-200x133.jpeg 200w, https:\/\/cr.weiss-bochum.de\/wp-content\/uploads\/2019\/03\/FD9FF44F-E0E1-42D9-88D0-1B578D77544C-400x267.jpeg 400w, https:\/\/cr.weiss-bochum.de\/wp-content\/uploads\/2019\/03\/FD9FF44F-E0E1-42D9-88D0-1B578D77544C-600x400.jpeg 600w, https:\/\/cr.weiss-bochum.de\/wp-content\/uploads\/2019\/03\/FD9FF44F-E0E1-42D9-88D0-1B578D77544C-800x533.jpeg 800w, https:\/\/cr.weiss-bochum.de\/wp-content\/uploads\/2019\/03\/FD9FF44F-E0E1-42D9-88D0-1B578D77544C-1200x800.jpeg 1200w\" sizes=\"(max-width: 800px) 100vw, 400px\" \/><\/span><div class=\"fusion-clearfix\"><\/div><\/div><\/div><div class=\"fusion-layout-column fusion_builder_column fusion-builder-column-4 fusion_builder_column_1_3 1_3 fusion-one-third fusion-column-last\" style=\"width:33.333333333333%;width:calc(33.333333333333% - ( ( 4% + 4% ) * 0.33333333333333 ) );margin-top:0px;margin-bottom:20px;\"><div class=\"fusion-column-wrapper fusion-flex-column-wrapper-legacy\" style=\"background-position:left top;background-repeat:no-repeat;-webkit-background-size:cover;-moz-background-size:cover;-o-background-size:cover;background-size:cover;padding: 0px 0px 0px 0px;\"><span class=\" fusion-imageframe imageframe-none imageframe-3 hover-type-none\"><img decoding=\"async\" width=\"300\" height=\"200\" title=\"C8394F64-4305-42C6-A187-F0EDEBB328B4\" src=\"https:\/\/cr.weiss-bochum.de\/wp-content\/uploads\/2019\/03\/C8394F64-4305-42C6-A187-F0EDEBB328B4-300x200.jpeg\" class=\"img-responsive wp-image-244\" srcset=\"https:\/\/cr.weiss-bochum.de\/wp-content\/uploads\/2019\/03\/C8394F64-4305-42C6-A187-F0EDEBB328B4-200x133.jpeg 200w, https:\/\/cr.weiss-bochum.de\/wp-content\/uploads\/2019\/03\/C8394F64-4305-42C6-A187-F0EDEBB328B4-400x267.jpeg 400w, https:\/\/cr.weiss-bochum.de\/wp-content\/uploads\/2019\/03\/C8394F64-4305-42C6-A187-F0EDEBB328B4-600x400.jpeg 600w, https:\/\/cr.weiss-bochum.de\/wp-content\/uploads\/2019\/03\/C8394F64-4305-42C6-A187-F0EDEBB328B4-800x533.jpeg 800w, https:\/\/cr.weiss-bochum.de\/wp-content\/uploads\/2019\/03\/C8394F64-4305-42C6-A187-F0EDEBB328B4-1200x800.jpeg 1200w\" sizes=\"(max-width: 800px) 100vw, 400px\" \/><\/span><div class=\"fusion-clearfix\"><\/div><\/div><\/div><div class=\"fusion-layout-column fusion_builder_column fusion-builder-column-5 fusion_builder_column_1_3 1_3 fusion-one-third fusion-column-first\" style=\"width:33.333333333333%;width:calc(33.333333333333% - ( ( 4% + 4% ) * 0.33333333333333 ) );margin-right: 4%;margin-top:0px;margin-bottom:20px;\"><div class=\"fusion-column-wrapper fusion-flex-column-wrapper-legacy\" style=\"background-position:left top;background-repeat:no-repeat;-webkit-background-size:cover;-moz-background-size:cover;-o-background-size:cover;background-size:cover;padding: 0px 0px 0px 0px;\"><span class=\" fusion-imageframe imageframe-none imageframe-4 hover-type-none\"><img decoding=\"async\" width=\"300\" height=\"200\" title=\"E80DED60-D11A-4B51-A7CA-74BD5938444D\" src=\"https:\/\/cr.weiss-bochum.de\/wp-content\/uploads\/2019\/03\/E80DED60-D11A-4B51-A7CA-74BD5938444D-300x200.jpeg\" class=\"img-responsive wp-image-241\" srcset=\"https:\/\/cr.weiss-bochum.de\/wp-content\/uploads\/2019\/03\/E80DED60-D11A-4B51-A7CA-74BD5938444D-200x133.jpeg 200w, https:\/\/cr.weiss-bochum.de\/wp-content\/uploads\/2019\/03\/E80DED60-D11A-4B51-A7CA-74BD5938444D-400x267.jpeg 400w, https:\/\/cr.weiss-bochum.de\/wp-content\/uploads\/2019\/03\/E80DED60-D11A-4B51-A7CA-74BD5938444D-600x400.jpeg 600w, https:\/\/cr.weiss-bochum.de\/wp-content\/uploads\/2019\/03\/E80DED60-D11A-4B51-A7CA-74BD5938444D-800x533.jpeg 800w, https:\/\/cr.weiss-bochum.de\/wp-content\/uploads\/2019\/03\/E80DED60-D11A-4B51-A7CA-74BD5938444D-1200x800.jpeg 1200w\" sizes=\"(max-width: 800px) 100vw, 400px\" \/><\/span><div class=\"fusion-clearfix\"><\/div><\/div><\/div><div class=\"fusion-layout-column fusion_builder_column fusion-builder-column-6 fusion_builder_column_1_3 1_3 fusion-one-third\" style=\"width:33.333333333333%;width:calc(33.333333333333% - ( ( 4% + 4% ) * 0.33333333333333 ) );margin-right: 4%;margin-top:0px;margin-bottom:20px;\"><div class=\"fusion-column-wrapper fusion-flex-column-wrapper-legacy\" style=\"background-position:left top;background-repeat:no-repeat;-webkit-background-size:cover;-moz-background-size:cover;-o-background-size:cover;background-size:cover;padding: 0px 0px 0px 0px;\"><span class=\" fusion-imageframe imageframe-none imageframe-5 hover-type-none\"><img decoding=\"async\" width=\"300\" height=\"200\" title=\"F9A55EF3-D5A5-482F-A506-65D9AFA7C774\" src=\"https:\/\/cr.weiss-bochum.de\/wp-content\/uploads\/2019\/03\/F9A55EF3-D5A5-482F-A506-65D9AFA7C774-300x200.jpeg\" class=\"img-responsive wp-image-243\" srcset=\"https:\/\/cr.weiss-bochum.de\/wp-content\/uploads\/2019\/03\/F9A55EF3-D5A5-482F-A506-65D9AFA7C774-200x133.jpeg 200w, https:\/\/cr.weiss-bochum.de\/wp-content\/uploads\/2019\/03\/F9A55EF3-D5A5-482F-A506-65D9AFA7C774-400x267.jpeg 400w, https:\/\/cr.weiss-bochum.de\/wp-content\/uploads\/2019\/03\/F9A55EF3-D5A5-482F-A506-65D9AFA7C774-600x400.jpeg 600w, https:\/\/cr.weiss-bochum.de\/wp-content\/uploads\/2019\/03\/F9A55EF3-D5A5-482F-A506-65D9AFA7C774-800x533.jpeg 800w, https:\/\/cr.weiss-bochum.de\/wp-content\/uploads\/2019\/03\/F9A55EF3-D5A5-482F-A506-65D9AFA7C774-1200x800.jpeg 1200w\" sizes=\"(max-width: 800px) 100vw, 400px\" \/><\/span><div class=\"fusion-clearfix\"><\/div><\/div><\/div><div class=\"fusion-layout-column fusion_builder_column fusion-builder-column-7 fusion_builder_column_1_3 1_3 fusion-one-third fusion-column-last\" style=\"width:33.333333333333%;width:calc(33.333333333333% - ( ( 4% + 4% ) * 0.33333333333333 ) );margin-top:0px;margin-bottom:20px;\"><div class=\"fusion-column-wrapper fusion-flex-column-wrapper-legacy\" style=\"background-position:left top;background-repeat:no-repeat;-webkit-background-size:cover;-moz-background-size:cover;-o-background-size:cover;background-size:cover;padding: 0px 0px 0px 0px;\"><span class=\" fusion-imageframe imageframe-none imageframe-6 hover-type-none\"><img decoding=\"async\" width=\"300\" height=\"200\" title=\"136F615E-C5DA-4423-AEF5-65E858F33974\" src=\"https:\/\/cr.weiss-bochum.de\/wp-content\/uploads\/2019\/03\/136F615E-C5DA-4423-AEF5-65E858F33974-300x200.jpeg\" class=\"img-responsive wp-image-251\" srcset=\"https:\/\/cr.weiss-bochum.de\/wp-content\/uploads\/2019\/03\/136F615E-C5DA-4423-AEF5-65E858F33974-200x133.jpeg 200w, https:\/\/cr.weiss-bochum.de\/wp-content\/uploads\/2019\/03\/136F615E-C5DA-4423-AEF5-65E858F33974-400x267.jpeg 400w, https:\/\/cr.weiss-bochum.de\/wp-content\/uploads\/2019\/03\/136F615E-C5DA-4423-AEF5-65E858F33974-600x400.jpeg 600w, https:\/\/cr.weiss-bochum.de\/wp-content\/uploads\/2019\/03\/136F615E-C5DA-4423-AEF5-65E858F33974-800x533.jpeg 800w, https:\/\/cr.weiss-bochum.de\/wp-content\/uploads\/2019\/03\/136F615E-C5DA-4423-AEF5-65E858F33974-1200x800.jpeg 1200w\" sizes=\"(max-width: 800px) 100vw, 400px\" \/><\/span><div class=\"fusion-clearfix\"><\/div><\/div><\/div><div class=\"fusion-layout-column fusion_builder_column fusion-builder-column-8 fusion_builder_column_1_1 1_1 fusion-one-full fusion-column-first fusion-column-last\" style=\"margin-top:0px;margin-bottom:20px;\"><div class=\"fusion-column-wrapper fusion-flex-column-wrapper-legacy\" style=\"background-position:left top;background-repeat:no-repeat;-webkit-background-size:cover;-moz-background-size:cover;-o-background-size:cover;background-size:cover;padding: 0px 0px 0px 0px;\"><div class=\"fusion-text fusion-text-3\"><h2>Wir fahren wieder Richtung Norden an der K\u00fcste entlang. Erstes Ziel unserer Tagesetappe ist der M\u00fcndungsbereich des Flusses Tarcoles.<span class=\"Apple-converted-space\">\u00a0<\/span><\/h2>\n<h2>Ein Traktor mit Anh\u00e4nger bringt uns zur Anlegestelle am Fluss. Unterwegs pr\u00e4chtige Exemplare des Guanacaste &#8211; des Nationalbaums Costa Ricas &#8211;<span class=\"Apple-converted-space\">\u00a0\u00a0<\/span>und wei\u00dfe Brahman Rinder.<span class=\"Apple-converted-space\">\u00a0<\/span><\/h2>\n<h2>Wir steigen in ein Boot ein, schon nach wenigen Metern entdecken wir zwei Krokodile. Kein Wunder, im Rio Tarcoles leben 25 Krokodile auf einem Flu\u00dfkilometer. Neben einem mindestens 600kg schweren Tier stoppen wir. Unser Bootsf\u00fchrer ist so mit seinem Handy besch\u00e4ftigt, dass er erst ziemlich sp\u00e4t merkt, dass unser Boot fast auf den R\u00fccken des Tieres treibt! Gerade noch rechtzeitig dreht er bei. Bei der Weiterfahrt Richtung Flussm\u00fcndung fasziniert insbesondere der Vogelreichtum. Schlangenhalsvogel, Fregattv\u00f6gel, Pelikane, Ibisse.<span class=\"Apple-converted-space\">\u00a0<\/span><\/h2>\n<h2>Leise gleitet das Boot durch die Mangroven-S\u00fcmpfe auf den B\u00e4umen sitzen unz\u00e4hlige Rosa L\u00f6ffler. Ein Mangroven Adler landet auf einem abgestorbenen Ast. Die Zeit steht still.<\/h2>\n<\/div><div class=\"fusion-clearfix\"><\/div><\/div><\/div><\/div><\/div><div class=\"fusion-fullwidth fullwidth-box fusion-builder-row-2 nonhundred-percent-fullwidth non-hundred-percent-height-scrolling\" style=\"background-color: rgba(255,255,255,0);background-position: center center;background-repeat: no-repeat;padding-top:0px;padding-right:0px;padding-bottom:0px;padding-left:0px;margin-bottom: 0px;margin-top: 0px;border-width: 0px 0px 0px 0px;border-color:#eae9e9;border-style:solid;\" ><div class=\"fusion-builder-row fusion-row\"><div class=\"fusion-layout-column fusion_builder_column fusion-builder-column-9 fusion_builder_column_1_1 1_1 fusion-one-full fusion-column-first fusion-column-last\" style=\"margin-top:0px;margin-bottom:20px;\"><div class=\"fusion-column-wrapper fusion-flex-column-wrapper-legacy\" style=\"background-position:left top;background-repeat:no-repeat;-webkit-background-size:cover;-moz-background-size:cover;-o-background-size:cover;background-size:cover;padding: 0px 0px 0px 0px;\"><div class=\"fusion-text fusion-text-4\"><h2><strong>Nachtwanderung durch den Regenwald im Monteverde Nationalpark<\/strong><\/h2>\n<\/div><div class=\"fusion-clearfix\"><\/div><\/div><\/div><div class=\"fusion-layout-column fusion_builder_column fusion-builder-column-10 fusion_builder_column_1_3 1_3 fusion-one-third fusion-column-first\" style=\"width:33.333333333333%;width:calc(33.333333333333% - ( ( 4% + 4% ) * 0.33333333333333 ) );margin-right: 4%;margin-top:0px;margin-bottom:20px;\"><div class=\"fusion-column-wrapper fusion-flex-column-wrapper-legacy\" style=\"background-position:left top;background-repeat:no-repeat;-webkit-background-size:cover;-moz-background-size:cover;-o-background-size:cover;background-size:cover;padding: 0px 0px 0px 0px;\"><span class=\" fusion-imageframe imageframe-none imageframe-7 hover-type-none\"><img decoding=\"async\" width=\"300\" height=\"146\" title=\"58E71117-8BE4-4AAA-A75B-0B248D46E5B3\" src=\"https:\/\/cr.weiss-bochum.de\/wp-content\/uploads\/2019\/03\/58E71117-8BE4-4AAA-A75B-0B248D46E5B3-300x146.jpeg\" class=\"img-responsive wp-image-260\" srcset=\"https:\/\/cr.weiss-bochum.de\/wp-content\/uploads\/2019\/03\/58E71117-8BE4-4AAA-A75B-0B248D46E5B3-200x97.jpeg 200w, https:\/\/cr.weiss-bochum.de\/wp-content\/uploads\/2019\/03\/58E71117-8BE4-4AAA-A75B-0B248D46E5B3-400x194.jpeg 400w, https:\/\/cr.weiss-bochum.de\/wp-content\/uploads\/2019\/03\/58E71117-8BE4-4AAA-A75B-0B248D46E5B3-600x291.jpeg 600w, https:\/\/cr.weiss-bochum.de\/wp-content\/uploads\/2019\/03\/58E71117-8BE4-4AAA-A75B-0B248D46E5B3-800x389.jpeg 800w, https:\/\/cr.weiss-bochum.de\/wp-content\/uploads\/2019\/03\/58E71117-8BE4-4AAA-A75B-0B248D46E5B3-1200x583.jpeg 1200w, https:\/\/cr.weiss-bochum.de\/wp-content\/uploads\/2019\/03\/58E71117-8BE4-4AAA-A75B-0B248D46E5B3.jpeg 1600w\" sizes=\"(max-width: 800px) 100vw, 400px\" \/><\/span><div class=\"fusion-clearfix\"><\/div><\/div><\/div><div class=\"fusion-layout-column fusion_builder_column fusion-builder-column-11 fusion_builder_column_1_3 1_3 fusion-one-third\" style=\"width:33.333333333333%;width:calc(33.333333333333% - ( ( 4% + 4% ) * 0.33333333333333 ) );margin-right: 4%;margin-top:0px;margin-bottom:20px;\"><div class=\"fusion-column-wrapper fusion-flex-column-wrapper-legacy\" style=\"background-position:left top;background-repeat:no-repeat;-webkit-background-size:cover;-moz-background-size:cover;-o-background-size:cover;background-size:cover;padding: 0px 0px 0px 0px;\"><span class=\" fusion-imageframe imageframe-none imageframe-8 hover-type-none\"><img decoding=\"async\" width=\"225\" height=\"300\" title=\"7A0AE8BB-EF84-4397-9530-3F10F2D5F05A\" src=\"https:\/\/cr.weiss-bochum.de\/wp-content\/uploads\/2019\/03\/7A0AE8BB-EF84-4397-9530-3F10F2D5F05A-225x300.jpeg\" class=\"img-responsive wp-image-257\" srcset=\"https:\/\/cr.weiss-bochum.de\/wp-content\/uploads\/2019\/03\/7A0AE8BB-EF84-4397-9530-3F10F2D5F05A-200x267.jpeg 200w, https:\/\/cr.weiss-bochum.de\/wp-content\/uploads\/2019\/03\/7A0AE8BB-EF84-4397-9530-3F10F2D5F05A-400x533.jpeg 400w, https:\/\/cr.weiss-bochum.de\/wp-content\/uploads\/2019\/03\/7A0AE8BB-EF84-4397-9530-3F10F2D5F05A-600x800.jpeg 600w, https:\/\/cr.weiss-bochum.de\/wp-content\/uploads\/2019\/03\/7A0AE8BB-EF84-4397-9530-3F10F2D5F05A-800x1067.jpeg 800w, https:\/\/cr.weiss-bochum.de\/wp-content\/uploads\/2019\/03\/7A0AE8BB-EF84-4397-9530-3F10F2D5F05A.jpeg 1200w\" sizes=\"(max-width: 800px) 100vw, 400px\" \/><\/span><div class=\"fusion-clearfix\"><\/div><\/div><\/div><div class=\"fusion-layout-column fusion_builder_column fusion-builder-column-12 fusion_builder_column_1_3 1_3 fusion-one-third fusion-column-last\" style=\"width:33.333333333333%;width:calc(33.333333333333% - ( ( 4% + 4% ) * 0.33333333333333 ) );margin-top:0px;margin-bottom:20px;\"><div class=\"fusion-column-wrapper fusion-flex-column-wrapper-legacy\" style=\"background-position:left top;background-repeat:no-repeat;-webkit-background-size:cover;-moz-background-size:cover;-o-background-size:cover;background-size:cover;padding: 0px 0px 0px 0px;\"><span class=\" fusion-imageframe imageframe-none imageframe-9 hover-type-none\"><img decoding=\"async\" width=\"300\" height=\"225\" title=\"0E65E04D-5E6A-4535-A5E9-F585921B5B8F\" src=\"https:\/\/cr.weiss-bochum.de\/wp-content\/uploads\/2019\/03\/0E65E04D-5E6A-4535-A5E9-F585921B5B8F-300x225.jpeg\" class=\"img-responsive wp-image-258\" srcset=\"https:\/\/cr.weiss-bochum.de\/wp-content\/uploads\/2019\/03\/0E65E04D-5E6A-4535-A5E9-F585921B5B8F-200x150.jpeg 200w, https:\/\/cr.weiss-bochum.de\/wp-content\/uploads\/2019\/03\/0E65E04D-5E6A-4535-A5E9-F585921B5B8F-400x300.jpeg 400w, https:\/\/cr.weiss-bochum.de\/wp-content\/uploads\/2019\/03\/0E65E04D-5E6A-4535-A5E9-F585921B5B8F-600x450.jpeg 600w, https:\/\/cr.weiss-bochum.de\/wp-content\/uploads\/2019\/03\/0E65E04D-5E6A-4535-A5E9-F585921B5B8F-800x600.jpeg 800w, https:\/\/cr.weiss-bochum.de\/wp-content\/uploads\/2019\/03\/0E65E04D-5E6A-4535-A5E9-F585921B5B8F-1200x900.jpeg 1200w, https:\/\/cr.weiss-bochum.de\/wp-content\/uploads\/2019\/03\/0E65E04D-5E6A-4535-A5E9-F585921B5B8F.jpeg 1600w\" sizes=\"(max-width: 800px) 100vw, 400px\" \/><\/span><div class=\"fusion-clearfix\"><\/div><\/div><\/div><div class=\"fusion-layout-column fusion_builder_column fusion-builder-column-13 fusion_builder_column_1_1 1_1 fusion-one-full fusion-column-first fusion-column-last\" style=\"margin-top:0px;margin-bottom:20px;\"><div class=\"fusion-column-wrapper fusion-flex-column-wrapper-legacy\" style=\"background-position:left top;background-repeat:no-repeat;-webkit-background-size:cover;-moz-background-size:cover;-o-background-size:cover;background-size:cover;padding: 0px 0px 0px 0px;\"><div class=\"fusion-text fusion-text-5\"><h2><strong>Bei Sonnenuntergang brechen wir mit einem Guide zu einer Nachtwanderung in den Regenwald im Monteverde-Nationalpark auf. Nat\u00fcrlich bei Regen. Von unseren Stirnlampen &#8211; die wir uns bei Heidi und Wilfried ausgeliehen haben, h\u00e4lt er gar nichts. Er bef\u00fcrchtet, dass uns sonst die Insekten um den Kopf herum schwirren! Wo er recht hat&#8230;!<span class=\"Apple-converted-space\">\u00a0<\/span><\/strong><\/h2>\n<h2>Wir entdecken eine junge side-striped Palm Viper. In angenehmer Entfernung, denn die sind sehr giftig \u2620\ufe0f! <strong>Und die Jungtiere sind besonders gef\u00e4hrlich, weil die unerfahren sind und im Zweifel ihr gesamtes Gift in den Feind entleeren! Sie wissen noch nicht, dass sie Monate brauchen, um das Gift wieder zu produzieren! Auch zwei Taranteln sp\u00fcrt unser Guide in Baumh\u00f6hlen auf. Am meisten staunen wir aber \u00fcber den goldgl\u00e4nzenden K\u00e4fer &#8211; ein Jewel Beetle. \ud83d\ude0d<\/strong><\/h2>\n<\/div><div class=\"fusion-clearfix\"><\/div><\/div><\/div><\/div><\/div><\/p>\n","protected":false},"excerpt":{"rendered":"","protected":false},"author":2,"featured_media":0,"parent":0,"menu_order":0,"comment_status":"closed","ping_status":"closed","template":"","meta":{"footnotes":""},"class_list":["post-226","page","type-page","status-publish","hentry"],"_links":{"self":[{"href":"https:\/\/cr.weiss-bochum.de\/index.php\/wp-json\/wp\/v2\/pages\/226","targetHints":{"allow":["GET"]}}],"collection":[{"href":"https:\/\/cr.weiss-bochum.de\/index.php\/wp-json\/wp\/v2\/pages"}],"about":[{"href":"https:\/\/cr.weiss-bochum.de\/index.php\/wp-json\/wp\/v2\/types\/page"}],"author":[{"embeddable":true,"href":"https:\/\/cr.weiss-bochum.de\/index.php\/wp-json\/wp\/v2\/users\/2"}],"replies":[{"embeddable":true,"href":"https:\/\/cr.weiss-bochum.de\/index.php\/wp-json\/wp\/v2\/comments?post=226"}],"version-history":[{"count":25,"href":"https:\/\/cr.weiss-bochum.de\/index.php\/wp-json\/wp\/v2\/pages\/226\/revisions"}],"predecessor-version":[{"id":317,"href":"https:\/\/cr.weiss-bochum.de\/index.php\/wp-json\/wp\/v2\/pages\/226\/revisions\/317"}],"wp:attachment":[{"href":"https:\/\/cr.weiss-bochum.de\/index.php\/wp-json\/wp\/v2\/media?parent=226"}],"curies":[{"name":"wp","href":"https:\/\/api.w.org\/{rel}","templated":true}]}}