{"id":223,"date":"2019-03-19T03:10:23","date_gmt":"2019-03-19T03:10:23","guid":{"rendered":"https:\/\/cr.weiss-bochum.de\/?page_id=223"},"modified":"2019-04-10T16:20:56","modified_gmt":"2019-04-10T16:20:56","slug":"di-19-3","status":"publish","type":"page","link":"https:\/\/cr.weiss-bochum.de\/index.php\/di-19-3\/","title":{"rendered":"Di 19.3."},"content":{"rendered":"<div class=\"fusion-fullwidth fullwidth-box fusion-builder-row-1 nonhundred-percent-fullwidth non-hundred-percent-height-scrolling\" style=\"background-color: rgba(255,255,255,0);background-position: center center;background-repeat: no-repeat;padding-top:0px;padding-right:0px;padding-bottom:0px;padding-left:0px;margin-bottom: 0px;margin-top: 0px;border-width: 0px 0px 0px 0px;border-color:#eae9e9;border-style:solid;\" ><div class=\"fusion-builder-row fusion-row\"><div class=\"fusion-layout-column fusion_builder_column fusion-builder-column-0 fusion_builder_column_1_1 1_1 fusion-one-full fusion-column-first fusion-column-last\" style=\"margin-top:0px;margin-bottom:20px;\"><div class=\"fusion-column-wrapper fusion-flex-column-wrapper-legacy\" style=\"background-position:left top;background-repeat:no-repeat;-webkit-background-size:cover;-moz-background-size:cover;-o-background-size:cover;background-size:cover;padding: 0px 0px 0px 0px;\"><div class=\"fusion-text fusion-text-1\"><h2 style=\"text-align: right;\"><a href=\"https:\/\/cr.weiss-bochum.de\/index.php\/mi-20-3\/\"><strong>Mi 20.3.<\/strong><\/a><\/h2>\n<\/div><div class=\"fusion-text fusion-text-2\"><h2><em><strong>Auf einer \u00f6kologischen Kaffeefarm<\/strong><\/em><\/h2>\n<\/div><div class=\"fusion-clearfix\"><\/div><\/div><\/div><div class=\"fusion-layout-column fusion_builder_column fusion-builder-column-1 fusion_builder_column_1_3 1_3 fusion-one-third fusion-column-first\" style=\"width:33.333333333333%;width:calc(33.333333333333% - ( ( 4% + 4% ) * 0.33333333333333 ) );margin-right: 4%;margin-top:0px;margin-bottom:20px;\"><div class=\"fusion-column-wrapper fusion-flex-column-wrapper-legacy\" style=\"background-position:left top;background-repeat:no-repeat;-webkit-background-size:cover;-moz-background-size:cover;-o-background-size:cover;background-size:cover;padding: 0px 0px 0px 0px;\"><span class=\" fusion-imageframe imageframe-none imageframe-1 hover-type-none\"><img decoding=\"async\" width=\"300\" height=\"200\" title=\"FEDD94FD-3B76-4BE6-A540-CEE51BB9B27F\" src=\"https:\/\/cr.weiss-bochum.de\/wp-content\/uploads\/2019\/03\/FEDD94FD-3B76-4BE6-A540-CEE51BB9B27F-300x200.jpeg\" class=\"img-responsive wp-image-344\" srcset=\"https:\/\/cr.weiss-bochum.de\/wp-content\/uploads\/2019\/03\/FEDD94FD-3B76-4BE6-A540-CEE51BB9B27F-200x133.jpeg 200w, https:\/\/cr.weiss-bochum.de\/wp-content\/uploads\/2019\/03\/FEDD94FD-3B76-4BE6-A540-CEE51BB9B27F-400x267.jpeg 400w, https:\/\/cr.weiss-bochum.de\/wp-content\/uploads\/2019\/03\/FEDD94FD-3B76-4BE6-A540-CEE51BB9B27F-600x400.jpeg 600w, https:\/\/cr.weiss-bochum.de\/wp-content\/uploads\/2019\/03\/FEDD94FD-3B76-4BE6-A540-CEE51BB9B27F-800x533.jpeg 800w, https:\/\/cr.weiss-bochum.de\/wp-content\/uploads\/2019\/03\/FEDD94FD-3B76-4BE6-A540-CEE51BB9B27F-1200x800.jpeg 1200w\" sizes=\"(max-width: 800px) 100vw, 400px\" \/><\/span><span class=\" fusion-imageframe imageframe-none imageframe-2 hover-type-none\" style=\"border:10px solid #ffffff;\"><img decoding=\"async\" width=\"300\" height=\"200\" title=\"012D67C1-DA31-476E-A5C5-54750A81774D\" src=\"https:\/\/cr.weiss-bochum.de\/wp-content\/uploads\/2019\/03\/012D67C1-DA31-476E-A5C5-54750A81774D-300x200.jpeg\" class=\"img-responsive wp-image-347\" srcset=\"https:\/\/cr.weiss-bochum.de\/wp-content\/uploads\/2019\/03\/012D67C1-DA31-476E-A5C5-54750A81774D-200x133.jpeg 200w, https:\/\/cr.weiss-bochum.de\/wp-content\/uploads\/2019\/03\/012D67C1-DA31-476E-A5C5-54750A81774D-400x267.jpeg 400w, https:\/\/cr.weiss-bochum.de\/wp-content\/uploads\/2019\/03\/012D67C1-DA31-476E-A5C5-54750A81774D-600x400.jpeg 600w, https:\/\/cr.weiss-bochum.de\/wp-content\/uploads\/2019\/03\/012D67C1-DA31-476E-A5C5-54750A81774D-800x533.jpeg 800w, https:\/\/cr.weiss-bochum.de\/wp-content\/uploads\/2019\/03\/012D67C1-DA31-476E-A5C5-54750A81774D-1200x800.jpeg 1200w\" sizes=\"(max-width: 800px) 100vw, 400px\" \/><\/span><div class=\"fusion-clearfix\"><\/div><\/div><\/div><div class=\"fusion-layout-column fusion_builder_column fusion-builder-column-2 fusion_builder_column_1_3 1_3 fusion-one-third\" style=\"width:33.333333333333%;width:calc(33.333333333333% - ( ( 4% + 4% ) * 0.33333333333333 ) );margin-right: 4%;margin-top:0px;margin-bottom:20px;\"><div class=\"fusion-column-wrapper fusion-flex-column-wrapper-legacy\" style=\"background-position:left top;background-repeat:no-repeat;-webkit-background-size:cover;-moz-background-size:cover;-o-background-size:cover;background-size:cover;padding: 0px 0px 0px 0px;\"><span class=\" fusion-imageframe imageframe-none imageframe-3 hover-type-none\"><img decoding=\"async\" width=\"300\" height=\"200\" title=\"3ACFD24B-82E8-46F3-B969-88BFE1D11883\" src=\"https:\/\/cr.weiss-bochum.de\/wp-content\/uploads\/2019\/03\/3ACFD24B-82E8-46F3-B969-88BFE1D11883-300x200.jpeg\" class=\"img-responsive wp-image-340\" srcset=\"https:\/\/cr.weiss-bochum.de\/wp-content\/uploads\/2019\/03\/3ACFD24B-82E8-46F3-B969-88BFE1D11883-200x133.jpeg 200w, https:\/\/cr.weiss-bochum.de\/wp-content\/uploads\/2019\/03\/3ACFD24B-82E8-46F3-B969-88BFE1D11883-400x267.jpeg 400w, https:\/\/cr.weiss-bochum.de\/wp-content\/uploads\/2019\/03\/3ACFD24B-82E8-46F3-B969-88BFE1D11883-600x400.jpeg 600w, https:\/\/cr.weiss-bochum.de\/wp-content\/uploads\/2019\/03\/3ACFD24B-82E8-46F3-B969-88BFE1D11883-800x533.jpeg 800w, https:\/\/cr.weiss-bochum.de\/wp-content\/uploads\/2019\/03\/3ACFD24B-82E8-46F3-B969-88BFE1D11883-1200x800.jpeg 1200w\" sizes=\"(max-width: 800px) 100vw, 400px\" \/><\/span><span class=\" fusion-imageframe imageframe-none imageframe-4 hover-type-none\" style=\"border:10px solid #ffffff;\"><img decoding=\"async\" width=\"300\" height=\"200\" title=\"A28F08B4-7AF6-47BB-88DA-52C776B6EEED\" src=\"https:\/\/cr.weiss-bochum.de\/wp-content\/uploads\/2019\/03\/A28F08B4-7AF6-47BB-88DA-52C776B6EEED-300x200.jpeg\" class=\"img-responsive wp-image-346\" srcset=\"https:\/\/cr.weiss-bochum.de\/wp-content\/uploads\/2019\/03\/A28F08B4-7AF6-47BB-88DA-52C776B6EEED-200x133.jpeg 200w, https:\/\/cr.weiss-bochum.de\/wp-content\/uploads\/2019\/03\/A28F08B4-7AF6-47BB-88DA-52C776B6EEED-400x267.jpeg 400w, https:\/\/cr.weiss-bochum.de\/wp-content\/uploads\/2019\/03\/A28F08B4-7AF6-47BB-88DA-52C776B6EEED-600x400.jpeg 600w, https:\/\/cr.weiss-bochum.de\/wp-content\/uploads\/2019\/03\/A28F08B4-7AF6-47BB-88DA-52C776B6EEED-800x533.jpeg 800w, https:\/\/cr.weiss-bochum.de\/wp-content\/uploads\/2019\/03\/A28F08B4-7AF6-47BB-88DA-52C776B6EEED-1200x800.jpeg 1200w\" sizes=\"(max-width: 800px) 100vw, 400px\" \/><\/span><div class=\"fusion-clearfix\"><\/div><\/div><\/div><div class=\"fusion-layout-column fusion_builder_column fusion-builder-column-3 fusion_builder_column_1_3 1_3 fusion-one-third fusion-column-last\" style=\"width:33.333333333333%;width:calc(33.333333333333% - ( ( 4% + 4% ) * 0.33333333333333 ) );margin-top:0px;margin-bottom:20px;\"><div class=\"fusion-column-wrapper fusion-flex-column-wrapper-legacy\" style=\"background-position:left top;background-repeat:no-repeat;-webkit-background-size:cover;-moz-background-size:cover;-o-background-size:cover;background-size:cover;padding: 0px 0px 0px 0px;\"><span class=\" fusion-imageframe imageframe-none imageframe-5 hover-type-none\"><img decoding=\"async\" width=\"200\" height=\"300\" title=\"7D4AE4EC-549B-431E-B168-5B3BD35F5B90\" src=\"https:\/\/cr.weiss-bochum.de\/wp-content\/uploads\/2019\/03\/7D4AE4EC-549B-431E-B168-5B3BD35F5B90-e1554913235637-200x300.jpeg\" class=\"img-responsive wp-image-342\" srcset=\"https:\/\/cr.weiss-bochum.de\/wp-content\/uploads\/2019\/03\/7D4AE4EC-549B-431E-B168-5B3BD35F5B90-e1554913235637-200x300.jpeg 200w, https:\/\/cr.weiss-bochum.de\/wp-content\/uploads\/2019\/03\/7D4AE4EC-549B-431E-B168-5B3BD35F5B90-e1554913235637-400x600.jpeg 400w, https:\/\/cr.weiss-bochum.de\/wp-content\/uploads\/2019\/03\/7D4AE4EC-549B-431E-B168-5B3BD35F5B90-e1554913235637-600x900.jpeg 600w, https:\/\/cr.weiss-bochum.de\/wp-content\/uploads\/2019\/03\/7D4AE4EC-549B-431E-B168-5B3BD35F5B90-e1554913235637-800x1200.jpeg 800w, https:\/\/cr.weiss-bochum.de\/wp-content\/uploads\/2019\/03\/7D4AE4EC-549B-431E-B168-5B3BD35F5B90-e1554913235637-1200x1800.jpeg 1200w, https:\/\/cr.weiss-bochum.de\/wp-content\/uploads\/2019\/03\/7D4AE4EC-549B-431E-B168-5B3BD35F5B90-e1554913235637.jpeg 1824w\" sizes=\"(max-width: 800px) 100vw, 200px\" \/><\/span><div class=\"fusion-clearfix\"><\/div><\/div><\/div><div class=\"fusion-layout-column fusion_builder_column fusion-builder-column-4 fusion_builder_column_1_3 1_3 fusion-one-third fusion-column-first\" style=\"width:33.333333333333%;width:calc(33.333333333333% - ( ( 4% + 4% ) * 0.33333333333333 ) );margin-right: 4%;margin-top:0px;margin-bottom:20px;\"><div class=\"fusion-column-wrapper fusion-flex-column-wrapper-legacy\" style=\"background-position:left top;background-repeat:no-repeat;-webkit-background-size:cover;-moz-background-size:cover;-o-background-size:cover;background-size:cover;padding: 0px 0px 0px 0px;\"><span class=\" fusion-imageframe imageframe-none imageframe-6 hover-type-none\"><img decoding=\"async\" width=\"300\" height=\"200\" title=\"B14004D2-3528-43B6-87F7-79B8AC23B61C\" src=\"https:\/\/cr.weiss-bochum.de\/wp-content\/uploads\/2019\/03\/B14004D2-3528-43B6-87F7-79B8AC23B61C-300x200.jpeg\" class=\"img-responsive wp-image-348\" srcset=\"https:\/\/cr.weiss-bochum.de\/wp-content\/uploads\/2019\/03\/B14004D2-3528-43B6-87F7-79B8AC23B61C-200x133.jpeg 200w, https:\/\/cr.weiss-bochum.de\/wp-content\/uploads\/2019\/03\/B14004D2-3528-43B6-87F7-79B8AC23B61C-400x267.jpeg 400w, https:\/\/cr.weiss-bochum.de\/wp-content\/uploads\/2019\/03\/B14004D2-3528-43B6-87F7-79B8AC23B61C-600x400.jpeg 600w, https:\/\/cr.weiss-bochum.de\/wp-content\/uploads\/2019\/03\/B14004D2-3528-43B6-87F7-79B8AC23B61C-800x533.jpeg 800w, https:\/\/cr.weiss-bochum.de\/wp-content\/uploads\/2019\/03\/B14004D2-3528-43B6-87F7-79B8AC23B61C-1200x800.jpeg 1200w\" sizes=\"(max-width: 800px) 100vw, 400px\" \/><\/span><div class=\"fusion-clearfix\"><\/div><\/div><\/div><div class=\"fusion-layout-column fusion_builder_column fusion-builder-column-5 fusion_builder_column_1_3 1_3 fusion-one-third\" style=\"width:33.333333333333%;width:calc(33.333333333333% - ( ( 4% + 4% ) * 0.33333333333333 ) );margin-right: 4%;margin-top:0px;margin-bottom:20px;\"><div class=\"fusion-column-wrapper fusion-flex-column-wrapper-legacy\" style=\"background-position:left top;background-repeat:no-repeat;-webkit-background-size:cover;-moz-background-size:cover;-o-background-size:cover;background-size:cover;padding: 0px 0px 0px 0px;\"><span class=\" fusion-imageframe imageframe-none imageframe-7 hover-type-none\"><img decoding=\"async\" width=\"300\" height=\"200\" title=\"B5A34463-3C71-4EB5-9B1F-F06FC6887013\" src=\"https:\/\/cr.weiss-bochum.de\/wp-content\/uploads\/2019\/03\/B5A34463-3C71-4EB5-9B1F-F06FC6887013-300x200.jpeg\" class=\"img-responsive wp-image-343\" srcset=\"https:\/\/cr.weiss-bochum.de\/wp-content\/uploads\/2019\/03\/B5A34463-3C71-4EB5-9B1F-F06FC6887013-200x133.jpeg 200w, https:\/\/cr.weiss-bochum.de\/wp-content\/uploads\/2019\/03\/B5A34463-3C71-4EB5-9B1F-F06FC6887013-400x267.jpeg 400w, https:\/\/cr.weiss-bochum.de\/wp-content\/uploads\/2019\/03\/B5A34463-3C71-4EB5-9B1F-F06FC6887013-600x400.jpeg 600w, https:\/\/cr.weiss-bochum.de\/wp-content\/uploads\/2019\/03\/B5A34463-3C71-4EB5-9B1F-F06FC6887013-800x533.jpeg 800w, https:\/\/cr.weiss-bochum.de\/wp-content\/uploads\/2019\/03\/B5A34463-3C71-4EB5-9B1F-F06FC6887013-1200x800.jpeg 1200w\" sizes=\"(max-width: 800px) 100vw, 400px\" \/><\/span><div class=\"fusion-clearfix\"><\/div><\/div><\/div><div class=\"fusion-layout-column fusion_builder_column fusion-builder-column-6 fusion_builder_column_1_3 1_3 fusion-one-third fusion-column-last\" style=\"width:33.333333333333%;width:calc(33.333333333333% - ( ( 4% + 4% ) * 0.33333333333333 ) );margin-top:0px;margin-bottom:20px;\"><div class=\"fusion-column-wrapper fusion-flex-column-wrapper-legacy\" style=\"background-position:left top;background-repeat:no-repeat;-webkit-background-size:cover;-moz-background-size:cover;-o-background-size:cover;background-size:cover;padding: 0px 0px 0px 0px;\"><span class=\" fusion-imageframe imageframe-none imageframe-8 hover-type-none\"><img decoding=\"async\" width=\"300\" height=\"200\" title=\"EFA65501-1E62-4371-B2B4-11DF30EC8191\" src=\"https:\/\/cr.weiss-bochum.de\/wp-content\/uploads\/2019\/03\/EFA65501-1E62-4371-B2B4-11DF30EC8191-300x200.jpeg\" class=\"img-responsive wp-image-341\" srcset=\"https:\/\/cr.weiss-bochum.de\/wp-content\/uploads\/2019\/03\/EFA65501-1E62-4371-B2B4-11DF30EC8191-200x133.jpeg 200w, https:\/\/cr.weiss-bochum.de\/wp-content\/uploads\/2019\/03\/EFA65501-1E62-4371-B2B4-11DF30EC8191-400x267.jpeg 400w, https:\/\/cr.weiss-bochum.de\/wp-content\/uploads\/2019\/03\/EFA65501-1E62-4371-B2B4-11DF30EC8191-600x400.jpeg 600w, https:\/\/cr.weiss-bochum.de\/wp-content\/uploads\/2019\/03\/EFA65501-1E62-4371-B2B4-11DF30EC8191-800x533.jpeg 800w, https:\/\/cr.weiss-bochum.de\/wp-content\/uploads\/2019\/03\/EFA65501-1E62-4371-B2B4-11DF30EC8191-1200x800.jpeg 1200w\" sizes=\"(max-width: 800px) 100vw, 400px\" \/><\/span><div class=\"fusion-clearfix\"><\/div><\/div><\/div><div class=\"fusion-layout-column fusion_builder_column fusion-builder-column-7 fusion_builder_column_1_1 1_1 fusion-one-full fusion-column-first fusion-column-last\" style=\"margin-top:0px;margin-bottom:20px;\"><div class=\"fusion-column-wrapper fusion-flex-column-wrapper-legacy\" style=\"background-position:left top;background-repeat:no-repeat;-webkit-background-size:cover;-moz-background-size:cover;-o-background-size:cover;background-size:cover;padding: 0px 0px 0px 0px;\"><div class=\"fusion-text fusion-text-3\"><h2><strong>Wir fahren nach Norden, Richtung Arenal. Auf dem Weg dorthin besuchen wir die Familie Bello. Sie betreiben eine \u00f6kologische Kaffeefarm und wohnen in einem traditionellen Haus. Zum Abschluss des Rundgangs gibt es dort Kaffee und hausgemachte traditionelle Spezialit\u00e4ten!<span class=\"Apple-converted-space\">\u00a0<\/span><\/strong><\/h2>\n<h2><strong>Ausnahmsweise kommen wir an diesem Tag einmal bereits am Nachmittag in unserem Hotel an. Das Arenal Manoa liegt dem Vulkan quasi zu F\u00fc\u00dfen. Der wundersch\u00f6ne tropische Garten ist so weitl\u00e4ufig, dass sich vereinzelte Gruppenmitglieder mit dem Taxi zum Pool fahren lassen\ud83d\ude33. Wir entspannen auf unserer Terrasse mit Blick zum Vulkan!<span class=\"Apple-converted-space\">\u00a0<\/span><\/strong><\/h2>\n<\/div><div class=\"fusion-clearfix\"><\/div><\/div><\/div><\/div><\/div>\n","protected":false},"excerpt":{"rendered":"","protected":false},"author":2,"featured_media":0,"parent":0,"menu_order":0,"comment_status":"closed","ping_status":"closed","template":"","meta":{"footnotes":""},"class_list":["post-223","page","type-page","status-publish","hentry"],"_links":{"self":[{"href":"https:\/\/cr.weiss-bochum.de\/index.php\/wp-json\/wp\/v2\/pages\/223","targetHints":{"allow":["GET"]}}],"collection":[{"href":"https:\/\/cr.weiss-bochum.de\/index.php\/wp-json\/wp\/v2\/pages"}],"about":[{"href":"https:\/\/cr.weiss-bochum.de\/index.php\/wp-json\/wp\/v2\/types\/page"}],"author":[{"embeddable":true,"href":"https:\/\/cr.weiss-bochum.de\/index.php\/wp-json\/wp\/v2\/users\/2"}],"replies":[{"embeddable":true,"href":"https:\/\/cr.weiss-bochum.de\/index.php\/wp-json\/wp\/v2\/comments?post=223"}],"version-history":[{"count":15,"href":"https:\/\/cr.weiss-bochum.de\/index.php\/wp-json\/wp\/v2\/pages\/223\/revisions"}],"predecessor-version":[{"id":472,"href":"https:\/\/cr.weiss-bochum.de\/index.php\/wp-json\/wp\/v2\/pages\/223\/revisions\/472"}],"wp:attachment":[{"href":"https:\/\/cr.weiss-bochum.de\/index.php\/wp-json\/wp\/v2\/media?parent=223"}],"curies":[{"name":"wp","href":"https:\/\/api.w.org\/{rel}","templated":true}]}}