{"id":221,"date":"2019-03-19T03:09:16","date_gmt":"2019-03-19T03:09:16","guid":{"rendered":"https:\/\/cr.weiss-bochum.de\/?page_id=221"},"modified":"2019-04-10T16:19:07","modified_gmt":"2019-04-10T16:19:07","slug":"mo-18-3","status":"publish","type":"page","link":"https:\/\/cr.weiss-bochum.de\/index.php\/mo-18-3\/","title":{"rendered":"Mo 18.3."},"content":{"rendered":"<div class=\"fusion-fullwidth fullwidth-box fusion-builder-row-1 nonhundred-percent-fullwidth non-hundred-percent-height-scrolling\" style=\"background-color: rgba(255,255,255,0);background-position: center center;background-repeat: no-repeat;padding-top:0px;padding-right:0px;padding-bottom:0px;padding-left:0px;margin-bottom: 0px;margin-top: 0px;border-width: 0px 0px 0px 0px;border-color:#eae9e9;border-style:solid;\" ><div class=\"fusion-builder-row fusion-row\"><div class=\"fusion-layout-column fusion_builder_column fusion-builder-column-0 fusion_builder_column_1_1 1_1 fusion-one-full fusion-column-first fusion-column-last\" style=\"margin-top:0px;margin-bottom:20px;\"><div class=\"fusion-column-wrapper fusion-flex-column-wrapper-legacy\" style=\"background-position:left top;background-repeat:no-repeat;-webkit-background-size:cover;-moz-background-size:cover;-o-background-size:cover;background-size:cover;padding: 0px 0px 0px 0px;\"><div class=\"fusion-text fusion-text-1\"><h2 style=\"text-align: right;\"><strong><a href=\"https:\/\/cr.weiss-bochum.de\/index.php\/di-19-3\/\">Di 19.3.<\/a><\/strong><\/h2>\n<\/div><div class=\"fusion-text fusion-text-2\"><h2><em><strong>Auf den H\u00e4ngebr\u00fccken im Nebelwald des Monteverde-Naturreservates<\/strong><\/em><\/h2>\n<\/div><div class=\"fusion-clearfix\"><\/div><\/div><\/div><div class=\"fusion-layout-column fusion_builder_column fusion-builder-column-1 fusion_builder_column_1_3 1_3 fusion-one-third fusion-column-first\" style=\"width:33.333333333333%;width:calc(33.333333333333% - ( ( 4% + 4% ) * 0.33333333333333 ) );margin-right: 4%;margin-top:0px;margin-bottom:20px;\"><div class=\"fusion-column-wrapper fusion-flex-column-wrapper-legacy\" style=\"background-position:left top;background-repeat:no-repeat;-webkit-background-size:cover;-moz-background-size:cover;-o-background-size:cover;background-size:cover;padding: 0px 0px 0px 0px;\"><span class=\" fusion-imageframe imageframe-none imageframe-1 hover-type-none\"><img decoding=\"async\" width=\"200\" height=\"300\" title=\"46770E8C-6B9F-45B4-BD98-49CC10BF7112\" src=\"https:\/\/cr.weiss-bochum.de\/wp-content\/uploads\/2019\/03\/46770E8C-6B9F-45B4-BD98-49CC10BF7112-e1554913002885-200x300.jpeg\" class=\"img-responsive wp-image-305\" srcset=\"https:\/\/cr.weiss-bochum.de\/wp-content\/uploads\/2019\/03\/46770E8C-6B9F-45B4-BD98-49CC10BF7112-e1554913002885-200x300.jpeg 200w, https:\/\/cr.weiss-bochum.de\/wp-content\/uploads\/2019\/03\/46770E8C-6B9F-45B4-BD98-49CC10BF7112-e1554913002885-400x600.jpeg 400w, https:\/\/cr.weiss-bochum.de\/wp-content\/uploads\/2019\/03\/46770E8C-6B9F-45B4-BD98-49CC10BF7112-e1554913002885-600x900.jpeg 600w, https:\/\/cr.weiss-bochum.de\/wp-content\/uploads\/2019\/03\/46770E8C-6B9F-45B4-BD98-49CC10BF7112-e1554913002885-800x1200.jpeg 800w, https:\/\/cr.weiss-bochum.de\/wp-content\/uploads\/2019\/03\/46770E8C-6B9F-45B4-BD98-49CC10BF7112-e1554913002885-1200x1800.jpeg 1200w, https:\/\/cr.weiss-bochum.de\/wp-content\/uploads\/2019\/03\/46770E8C-6B9F-45B4-BD98-49CC10BF7112-e1554913002885.jpeg 1824w\" sizes=\"(max-width: 800px) 100vw, 200px\" \/><\/span><div class=\"fusion-clearfix\"><\/div><\/div><\/div><div class=\"fusion-layout-column fusion_builder_column fusion-builder-column-2 fusion_builder_column_1_3 1_3 fusion-one-third\" style=\"width:33.333333333333%;width:calc(33.333333333333% - ( ( 4% + 4% ) * 0.33333333333333 ) );margin-right: 4%;margin-top:0px;margin-bottom:20px;\"><div class=\"fusion-column-wrapper fusion-flex-column-wrapper-legacy\" style=\"background-position:left top;background-repeat:no-repeat;-webkit-background-size:cover;-moz-background-size:cover;-o-background-size:cover;background-size:cover;padding: 0px 0px 0px 0px;\"><span class=\" fusion-imageframe imageframe-none imageframe-2 hover-type-none\"><img decoding=\"async\" width=\"200\" height=\"300\" title=\"846D8F6D-F617-49D5-9B8C-3D872424F118\" src=\"https:\/\/cr.weiss-bochum.de\/wp-content\/uploads\/2019\/03\/846D8F6D-F617-49D5-9B8C-3D872424F118-e1554913097339-200x300.jpeg\" class=\"img-responsive wp-image-303\" srcset=\"https:\/\/cr.weiss-bochum.de\/wp-content\/uploads\/2019\/03\/846D8F6D-F617-49D5-9B8C-3D872424F118-e1554913097339-200x300.jpeg 200w, https:\/\/cr.weiss-bochum.de\/wp-content\/uploads\/2019\/03\/846D8F6D-F617-49D5-9B8C-3D872424F118-e1554913097339-400x600.jpeg 400w, https:\/\/cr.weiss-bochum.de\/wp-content\/uploads\/2019\/03\/846D8F6D-F617-49D5-9B8C-3D872424F118-e1554913097339-600x900.jpeg 600w, https:\/\/cr.weiss-bochum.de\/wp-content\/uploads\/2019\/03\/846D8F6D-F617-49D5-9B8C-3D872424F118-e1554913097339-800x1200.jpeg 800w, https:\/\/cr.weiss-bochum.de\/wp-content\/uploads\/2019\/03\/846D8F6D-F617-49D5-9B8C-3D872424F118-e1554913097339-1200x1800.jpeg 1200w, https:\/\/cr.weiss-bochum.de\/wp-content\/uploads\/2019\/03\/846D8F6D-F617-49D5-9B8C-3D872424F118-e1554913097339.jpeg 1824w\" sizes=\"(max-width: 800px) 100vw, 200px\" \/><\/span><div class=\"fusion-clearfix\"><\/div><\/div><\/div><div class=\"fusion-layout-column fusion_builder_column fusion-builder-column-3 fusion_builder_column_1_3 1_3 fusion-one-third fusion-column-last\" style=\"width:33.333333333333%;width:calc(33.333333333333% - ( ( 4% + 4% ) * 0.33333333333333 ) );margin-top:0px;margin-bottom:20px;\"><div class=\"fusion-column-wrapper fusion-flex-column-wrapper-legacy\" style=\"background-position:left top;background-repeat:no-repeat;-webkit-background-size:cover;-moz-background-size:cover;-o-background-size:cover;background-size:cover;padding: 0px 0px 0px 0px;\"><span class=\" fusion-imageframe imageframe-none imageframe-3 hover-type-none\"><img decoding=\"async\" width=\"200\" height=\"300\" title=\"7AF0092A-AA68-453A-8DC9-6F2CF3A90C49\" src=\"https:\/\/cr.weiss-bochum.de\/wp-content\/uploads\/2019\/03\/7AF0092A-AA68-453A-8DC9-6F2CF3A90C49-e1554913133275-200x300.jpeg\" class=\"img-responsive wp-image-325\" srcset=\"https:\/\/cr.weiss-bochum.de\/wp-content\/uploads\/2019\/03\/7AF0092A-AA68-453A-8DC9-6F2CF3A90C49-e1554913133275-200x300.jpeg 200w, https:\/\/cr.weiss-bochum.de\/wp-content\/uploads\/2019\/03\/7AF0092A-AA68-453A-8DC9-6F2CF3A90C49-e1554913133275-400x600.jpeg 400w, https:\/\/cr.weiss-bochum.de\/wp-content\/uploads\/2019\/03\/7AF0092A-AA68-453A-8DC9-6F2CF3A90C49-e1554913133275-600x900.jpeg 600w, https:\/\/cr.weiss-bochum.de\/wp-content\/uploads\/2019\/03\/7AF0092A-AA68-453A-8DC9-6F2CF3A90C49-e1554913133275-800x1200.jpeg 800w, https:\/\/cr.weiss-bochum.de\/wp-content\/uploads\/2019\/03\/7AF0092A-AA68-453A-8DC9-6F2CF3A90C49-e1554913133275-1200x1800.jpeg 1200w, https:\/\/cr.weiss-bochum.de\/wp-content\/uploads\/2019\/03\/7AF0092A-AA68-453A-8DC9-6F2CF3A90C49-e1554913133275.jpeg 1824w\" sizes=\"(max-width: 800px) 100vw, 200px\" \/><\/span><div class=\"fusion-clearfix\"><\/div><\/div><\/div><div class=\"fusion-layout-column fusion_builder_column fusion-builder-column-4 fusion_builder_column_1_3 1_3 fusion-one-third fusion-column-first\" style=\"width:33.333333333333%;width:calc(33.333333333333% - ( ( 4% + 4% ) * 0.33333333333333 ) );margin-right: 4%;margin-top:0px;margin-bottom:20px;\"><div class=\"fusion-column-wrapper fusion-flex-column-wrapper-legacy\" style=\"background-position:left top;background-repeat:no-repeat;-webkit-background-size:cover;-moz-background-size:cover;-o-background-size:cover;background-size:cover;padding: 0px 0px 0px 0px;\"><span class=\" fusion-imageframe imageframe-none imageframe-4 hover-type-none\"><img decoding=\"async\" width=\"300\" height=\"200\" title=\"E1042427-31EC-45B5-A574-4B4F674EB974\" src=\"https:\/\/cr.weiss-bochum.de\/wp-content\/uploads\/2019\/03\/E1042427-31EC-45B5-A574-4B4F674EB974-300x200.jpeg\" class=\"img-responsive wp-image-304\" srcset=\"https:\/\/cr.weiss-bochum.de\/wp-content\/uploads\/2019\/03\/E1042427-31EC-45B5-A574-4B4F674EB974-200x133.jpeg 200w, https:\/\/cr.weiss-bochum.de\/wp-content\/uploads\/2019\/03\/E1042427-31EC-45B5-A574-4B4F674EB974-400x267.jpeg 400w, https:\/\/cr.weiss-bochum.de\/wp-content\/uploads\/2019\/03\/E1042427-31EC-45B5-A574-4B4F674EB974-600x400.jpeg 600w, https:\/\/cr.weiss-bochum.de\/wp-content\/uploads\/2019\/03\/E1042427-31EC-45B5-A574-4B4F674EB974-800x533.jpeg 800w, https:\/\/cr.weiss-bochum.de\/wp-content\/uploads\/2019\/03\/E1042427-31EC-45B5-A574-4B4F674EB974-1200x800.jpeg 1200w\" sizes=\"(max-width: 800px) 100vw, 400px\" \/><\/span><div class=\"fusion-clearfix\"><\/div><\/div><\/div><div class=\"fusion-layout-column fusion_builder_column fusion-builder-column-5 fusion_builder_column_1_3 1_3 fusion-one-third\" style=\"width:33.333333333333%;width:calc(33.333333333333% - ( ( 4% + 4% ) * 0.33333333333333 ) );margin-right: 4%;margin-top:0px;margin-bottom:20px;\"><div class=\"fusion-column-wrapper fusion-flex-column-wrapper-legacy\" style=\"background-position:left top;background-repeat:no-repeat;-webkit-background-size:cover;-moz-background-size:cover;-o-background-size:cover;background-size:cover;padding: 0px 0px 0px 0px;\"><span class=\" fusion-imageframe imageframe-none imageframe-5 hover-type-none\"><img decoding=\"async\" width=\"300\" height=\"200\" title=\"FA1A2019-BB52-40AD-8BD5-1F544867BBE1\" src=\"https:\/\/cr.weiss-bochum.de\/wp-content\/uploads\/2019\/03\/FA1A2019-BB52-40AD-8BD5-1F544867BBE1-300x200.jpeg\" class=\"img-responsive wp-image-326\" srcset=\"https:\/\/cr.weiss-bochum.de\/wp-content\/uploads\/2019\/03\/FA1A2019-BB52-40AD-8BD5-1F544867BBE1-200x133.jpeg 200w, https:\/\/cr.weiss-bochum.de\/wp-content\/uploads\/2019\/03\/FA1A2019-BB52-40AD-8BD5-1F544867BBE1-400x267.jpeg 400w, https:\/\/cr.weiss-bochum.de\/wp-content\/uploads\/2019\/03\/FA1A2019-BB52-40AD-8BD5-1F544867BBE1-600x400.jpeg 600w, https:\/\/cr.weiss-bochum.de\/wp-content\/uploads\/2019\/03\/FA1A2019-BB52-40AD-8BD5-1F544867BBE1-800x533.jpeg 800w, https:\/\/cr.weiss-bochum.de\/wp-content\/uploads\/2019\/03\/FA1A2019-BB52-40AD-8BD5-1F544867BBE1-1200x800.jpeg 1200w\" sizes=\"(max-width: 800px) 100vw, 400px\" \/><\/span><div class=\"fusion-clearfix\"><\/div><\/div><\/div><div class=\"fusion-layout-column fusion_builder_column fusion-builder-column-6 fusion_builder_column_1_3 1_3 fusion-one-third fusion-column-last\" style=\"width:33.333333333333%;width:calc(33.333333333333% - ( ( 4% + 4% ) * 0.33333333333333 ) );margin-top:0px;margin-bottom:20px;\"><div class=\"fusion-column-wrapper fusion-flex-column-wrapper-legacy\" style=\"background-position:left top;background-repeat:no-repeat;-webkit-background-size:cover;-moz-background-size:cover;-o-background-size:cover;background-size:cover;padding: 0px 0px 0px 0px;\"><span class=\" fusion-imageframe imageframe-none imageframe-6 hover-type-none\"><img decoding=\"async\" width=\"300\" height=\"200\" title=\"74C37389-41C6-449D-A6E3-C7076CB60F6C\" src=\"https:\/\/cr.weiss-bochum.de\/wp-content\/uploads\/2019\/03\/74C37389-41C6-449D-A6E3-C7076CB60F6C-300x200.jpeg\" class=\"img-responsive wp-image-323\" srcset=\"https:\/\/cr.weiss-bochum.de\/wp-content\/uploads\/2019\/03\/74C37389-41C6-449D-A6E3-C7076CB60F6C-200x133.jpeg 200w, https:\/\/cr.weiss-bochum.de\/wp-content\/uploads\/2019\/03\/74C37389-41C6-449D-A6E3-C7076CB60F6C-400x267.jpeg 400w, https:\/\/cr.weiss-bochum.de\/wp-content\/uploads\/2019\/03\/74C37389-41C6-449D-A6E3-C7076CB60F6C-600x400.jpeg 600w, https:\/\/cr.weiss-bochum.de\/wp-content\/uploads\/2019\/03\/74C37389-41C6-449D-A6E3-C7076CB60F6C-800x533.jpeg 800w, https:\/\/cr.weiss-bochum.de\/wp-content\/uploads\/2019\/03\/74C37389-41C6-449D-A6E3-C7076CB60F6C-1200x800.jpeg 1200w\" sizes=\"(max-width: 800px) 100vw, 400px\" \/><\/span><div class=\"fusion-clearfix\"><\/div><\/div><\/div><div class=\"fusion-layout-column fusion_builder_column fusion-builder-column-7 fusion_builder_column_1_1 1_1 fusion-one-full fusion-column-first fusion-column-last\" style=\"margin-top:0px;margin-bottom:20px;\"><div class=\"fusion-column-wrapper fusion-flex-column-wrapper-legacy\" style=\"background-position:left top;background-repeat:no-repeat;-webkit-background-size:cover;-moz-background-size:cover;-o-background-size:cover;background-size:cover;padding: 0px 0px 0px 0px;\"><div class=\"fusion-text fusion-text-3\"><h2><strong>Weitere Erkundung des Monteverde Nebelwaldreservat. Wir machen eine Wanderung \u00fcber ein System von H\u00e4ngebr\u00fccken- insgesamt sind es hier acht! Sehr eindrucksvoll \u00fcber oder mitten in die Kronen der Urwaldriesen zu schauen. Und dann entdecken wir auf einer der Br\u00fccken noch einmal einen Quetzal. Quasi auf Augenh\u00f6he! Selbst Ronny &#8211; unser Guide- kann es kaum fassen!<span class=\"Apple-converted-space\">\u00a0<\/span><\/strong><\/h2>\n<h2><strong>Anschlie\u00dfend besichtigen wir noch einen Schmetterlingsgarten und ein Reptilienhaus. Am Abend informiert uns ein Biologe \u00fcber die Vielfalt und das Leben der Flederm\u00e4use in Costa Rica.<span class=\"Apple-converted-space\">\u00a0<\/span><\/strong><\/h2>\n<\/div><div class=\"fusion-clearfix\"><\/div><\/div><\/div><\/div><\/div>\n","protected":false},"excerpt":{"rendered":"","protected":false},"author":2,"featured_media":0,"parent":0,"menu_order":0,"comment_status":"closed","ping_status":"closed","template":"","meta":{"footnotes":""},"class_list":["post-221","page","type-page","status-publish","hentry"],"_links":{"self":[{"href":"https:\/\/cr.weiss-bochum.de\/index.php\/wp-json\/wp\/v2\/pages\/221","targetHints":{"allow":["GET"]}}],"collection":[{"href":"https:\/\/cr.weiss-bochum.de\/index.php\/wp-json\/wp\/v2\/pages"}],"about":[{"href":"https:\/\/cr.weiss-bochum.de\/index.php\/wp-json\/wp\/v2\/types\/page"}],"author":[{"embeddable":true,"href":"https:\/\/cr.weiss-bochum.de\/index.php\/wp-json\/wp\/v2\/users\/2"}],"replies":[{"embeddable":true,"href":"https:\/\/cr.weiss-bochum.de\/index.php\/wp-json\/wp\/v2\/comments?post=221"}],"version-history":[{"count":22,"href":"https:\/\/cr.weiss-bochum.de\/index.php\/wp-json\/wp\/v2\/pages\/221\/revisions"}],"predecessor-version":[{"id":471,"href":"https:\/\/cr.weiss-bochum.de\/index.php\/wp-json\/wp\/v2\/pages\/221\/revisions\/471"}],"wp:attachment":[{"href":"https:\/\/cr.weiss-bochum.de\/index.php\/wp-json\/wp\/v2\/media?parent=221"}],"curies":[{"name":"wp","href":"https:\/\/api.w.org\/{rel}","templated":true}]}}