{"id":195,"date":"2019-03-17T02:28:39","date_gmt":"2019-03-17T02:28:39","guid":{"rendered":"https:\/\/cr.weiss-bochum.de\/?page_id=195"},"modified":"2019-03-23T17:26:18","modified_gmt":"2019-03-23T17:26:18","slug":"sa-16-3-2","status":"publish","type":"page","link":"https:\/\/cr.weiss-bochum.de\/index.php\/sa-16-3-2\/","title":{"rendered":"Sa 16.3."},"content":{"rendered":"<div class=\"fusion-fullwidth fullwidth-box fusion-builder-row-1 nonhundred-percent-fullwidth non-hundred-percent-height-scrolling\" style=\"background-color: rgba(255,255,255,0);background-position: center center;background-repeat: no-repeat;padding-top:0px;padding-right:0px;padding-bottom:0px;padding-left:0px;margin-bottom: 0px;margin-top: -50px;border-width: 0px 0px 0px 0px;border-color:#eae9e9;border-style:solid;\" ><div class=\"fusion-builder-row fusion-row\"><div class=\"fusion-layout-column fusion_builder_column fusion-builder-column-0 fusion_builder_column_1_2 1_2 fusion-one-half fusion-column-first\" style=\"width:50%;width:calc(50% - ( ( 4% ) * 0.5 ) );margin-right: 4%;margin-top:0px;margin-bottom:20px;\"><div class=\"fusion-column-wrapper fusion-flex-column-wrapper-legacy\" style=\"background-position:left top;background-repeat:no-repeat;-webkit-background-size:cover;-moz-background-size:cover;-o-background-size:cover;background-size:cover;padding: 0px 0px 0px 0px;\"><div class=\"fusion-clearfix\"><\/div><\/div><\/div><div class=\"fusion-layout-column fusion_builder_column fusion-builder-column-1 fusion_builder_column_1_2 1_2 fusion-one-half fusion-column-last\" style=\"width:50%;width:calc(50% - ( ( 4% ) * 0.5 ) );margin-top:0px;margin-bottom:20px;\"><div class=\"fusion-column-wrapper fusion-flex-column-wrapper-legacy\" style=\"background-position:left top;background-repeat:no-repeat;-webkit-background-size:cover;-moz-background-size:cover;-o-background-size:cover;background-size:cover;padding: 0px 0px 0px 0px;\"><div class=\"fusion-text fusion-text-1\"><h2 style=\"text-align: right;\"><strong> \u2014-&gt; \u00a0<a href=\"https:\/\/cr.weiss-bochum.de\/index.php\/so-17-3\/\">So 17.3.<\/a><\/strong><\/h2>\n<\/div><div class=\"fusion-clearfix\"><\/div><\/div><\/div><div class=\"fusion-layout-column fusion_builder_column fusion-builder-column-2 fusion_builder_column_1_3 1_3 fusion-one-third fusion-column-first\" style=\"width:33.333333333333%;width:calc(33.333333333333% - ( ( 4% + 4% ) * 0.33333333333333 ) );margin-right: 4%;margin-top:0px;margin-bottom:20px;\"><div class=\"fusion-column-wrapper fusion-flex-column-wrapper-legacy\" style=\"background-position:left top;background-repeat:no-repeat;-webkit-background-size:cover;-moz-background-size:cover;-o-background-size:cover;background-size:cover;padding: 0px 0px 0px 0px;\"><span class=\" fusion-imageframe imageframe-none imageframe-1 hover-type-none\"><img decoding=\"async\" width=\"300\" height=\"225\" title=\"81400A94-2373-4DAF-AA67-3E870253B2AF\" src=\"https:\/\/cr.weiss-bochum.de\/wp-content\/uploads\/2019\/03\/81400A94-2373-4DAF-AA67-3E870253B2AF-300x225.jpeg\" class=\"img-responsive wp-image-204\" srcset=\"https:\/\/cr.weiss-bochum.de\/wp-content\/uploads\/2019\/03\/81400A94-2373-4DAF-AA67-3E870253B2AF-200x150.jpeg 200w, https:\/\/cr.weiss-bochum.de\/wp-content\/uploads\/2019\/03\/81400A94-2373-4DAF-AA67-3E870253B2AF-400x300.jpeg 400w, https:\/\/cr.weiss-bochum.de\/wp-content\/uploads\/2019\/03\/81400A94-2373-4DAF-AA67-3E870253B2AF-600x450.jpeg 600w, https:\/\/cr.weiss-bochum.de\/wp-content\/uploads\/2019\/03\/81400A94-2373-4DAF-AA67-3E870253B2AF-800x600.jpeg 800w, https:\/\/cr.weiss-bochum.de\/wp-content\/uploads\/2019\/03\/81400A94-2373-4DAF-AA67-3E870253B2AF-1200x900.jpeg 1200w\" sizes=\"(max-width: 800px) 100vw, 400px\" \/><\/span><div class=\"fusion-clearfix\"><\/div><\/div><\/div><div class=\"fusion-layout-column fusion_builder_column fusion-builder-column-3 fusion_builder_column_1_3 1_3 fusion-one-third\" style=\"width:33.333333333333%;width:calc(33.333333333333% - ( ( 4% + 4% ) * 0.33333333333333 ) );margin-right: 4%;margin-top:0px;margin-bottom:20px;\"><div class=\"fusion-column-wrapper fusion-flex-column-wrapper-legacy\" style=\"background-position:left top;background-repeat:no-repeat;-webkit-background-size:cover;-moz-background-size:cover;-o-background-size:cover;background-size:cover;padding: 0px 0px 0px 0px;\"><span class=\" fusion-imageframe imageframe-none imageframe-2 hover-type-none\"><img decoding=\"async\" width=\"300\" height=\"225\" title=\"82529491-C62A-4F4D-BBFD-29E5D49EB18D\" src=\"https:\/\/cr.weiss-bochum.de\/wp-content\/uploads\/2019\/03\/82529491-C62A-4F4D-BBFD-29E5D49EB18D-300x225.jpeg\" class=\"img-responsive wp-image-203\" srcset=\"https:\/\/cr.weiss-bochum.de\/wp-content\/uploads\/2019\/03\/82529491-C62A-4F4D-BBFD-29E5D49EB18D-200x150.jpeg 200w, https:\/\/cr.weiss-bochum.de\/wp-content\/uploads\/2019\/03\/82529491-C62A-4F4D-BBFD-29E5D49EB18D-400x300.jpeg 400w, https:\/\/cr.weiss-bochum.de\/wp-content\/uploads\/2019\/03\/82529491-C62A-4F4D-BBFD-29E5D49EB18D-600x450.jpeg 600w, https:\/\/cr.weiss-bochum.de\/wp-content\/uploads\/2019\/03\/82529491-C62A-4F4D-BBFD-29E5D49EB18D-800x600.jpeg 800w, https:\/\/cr.weiss-bochum.de\/wp-content\/uploads\/2019\/03\/82529491-C62A-4F4D-BBFD-29E5D49EB18D-1200x900.jpeg 1200w\" sizes=\"(max-width: 800px) 100vw, 400px\" \/><\/span><div class=\"fusion-clearfix\"><\/div><\/div><\/div><div class=\"fusion-layout-column fusion_builder_column fusion-builder-column-4 fusion_builder_column_1_3 1_3 fusion-one-third fusion-column-last\" style=\"width:33.333333333333%;width:calc(33.333333333333% - ( ( 4% + 4% ) * 0.33333333333333 ) );margin-top:0px;margin-bottom:20px;\"><div class=\"fusion-column-wrapper fusion-flex-column-wrapper-legacy\" style=\"background-position:left top;background-repeat:no-repeat;-webkit-background-size:cover;-moz-background-size:cover;-o-background-size:cover;background-size:cover;padding: 0px 0px 0px 0px;\"><span class=\" fusion-imageframe imageframe-none imageframe-3 hover-type-none\"><img decoding=\"async\" width=\"300\" height=\"200\" title=\"8C676EE5-D790-4FFD-B6F1-CB6CD09B8398\" src=\"https:\/\/cr.weiss-bochum.de\/wp-content\/uploads\/2019\/03\/8C676EE5-D790-4FFD-B6F1-CB6CD09B8398-300x200.jpeg\" class=\"img-responsive wp-image-206\" srcset=\"https:\/\/cr.weiss-bochum.de\/wp-content\/uploads\/2019\/03\/8C676EE5-D790-4FFD-B6F1-CB6CD09B8398-200x133.jpeg 200w, https:\/\/cr.weiss-bochum.de\/wp-content\/uploads\/2019\/03\/8C676EE5-D790-4FFD-B6F1-CB6CD09B8398-400x267.jpeg 400w, https:\/\/cr.weiss-bochum.de\/wp-content\/uploads\/2019\/03\/8C676EE5-D790-4FFD-B6F1-CB6CD09B8398-600x400.jpeg 600w, https:\/\/cr.weiss-bochum.de\/wp-content\/uploads\/2019\/03\/8C676EE5-D790-4FFD-B6F1-CB6CD09B8398-800x533.jpeg 800w, https:\/\/cr.weiss-bochum.de\/wp-content\/uploads\/2019\/03\/8C676EE5-D790-4FFD-B6F1-CB6CD09B8398-1200x800.jpeg 1200w\" sizes=\"(max-width: 800px) 100vw, 400px\" \/><\/span><div class=\"fusion-clearfix\"><\/div><\/div><\/div><div class=\"fusion-layout-column fusion_builder_column fusion-builder-column-5 fusion_builder_column_1_3 1_3 fusion-one-third fusion-column-first\" style=\"width:33.333333333333%;width:calc(33.333333333333% - ( ( 4% + 4% ) * 0.33333333333333 ) );margin-right: 4%;margin-top:0px;margin-bottom:20px;\"><div class=\"fusion-column-wrapper fusion-flex-column-wrapper-legacy\" style=\"background-position:left top;background-repeat:no-repeat;-webkit-background-size:cover;-moz-background-size:cover;-o-background-size:cover;background-size:cover;padding: 0px 0px 0px 0px;\"><span class=\" fusion-imageframe imageframe-none imageframe-4 hover-type-none\"><img decoding=\"async\" width=\"300\" height=\"200\" title=\"4BEE613A-4545-4F88-A893-FC740A8B8BAE\" src=\"https:\/\/cr.weiss-bochum.de\/wp-content\/uploads\/2019\/03\/4BEE613A-4545-4F88-A893-FC740A8B8BAE-300x200.jpeg\" class=\"img-responsive wp-image-207\" srcset=\"https:\/\/cr.weiss-bochum.de\/wp-content\/uploads\/2019\/03\/4BEE613A-4545-4F88-A893-FC740A8B8BAE-200x133.jpeg 200w, https:\/\/cr.weiss-bochum.de\/wp-content\/uploads\/2019\/03\/4BEE613A-4545-4F88-A893-FC740A8B8BAE-400x267.jpeg 400w, https:\/\/cr.weiss-bochum.de\/wp-content\/uploads\/2019\/03\/4BEE613A-4545-4F88-A893-FC740A8B8BAE-600x400.jpeg 600w, https:\/\/cr.weiss-bochum.de\/wp-content\/uploads\/2019\/03\/4BEE613A-4545-4F88-A893-FC740A8B8BAE-800x533.jpeg 800w, https:\/\/cr.weiss-bochum.de\/wp-content\/uploads\/2019\/03\/4BEE613A-4545-4F88-A893-FC740A8B8BAE-1200x800.jpeg 1200w\" sizes=\"(max-width: 800px) 100vw, 400px\" \/><\/span><div class=\"fusion-clearfix\"><\/div><\/div><\/div><div class=\"fusion-layout-column fusion_builder_column fusion-builder-column-6 fusion_builder_column_1_3 1_3 fusion-one-third\" style=\"width:33.333333333333%;width:calc(33.333333333333% - ( ( 4% + 4% ) * 0.33333333333333 ) );margin-right: 4%;margin-top:0px;margin-bottom:20px;\"><div class=\"fusion-column-wrapper fusion-flex-column-wrapper-legacy\" style=\"background-position:left top;background-repeat:no-repeat;-webkit-background-size:cover;-moz-background-size:cover;-o-background-size:cover;background-size:cover;padding: 0px 0px 0px 0px;\"><span class=\" fusion-imageframe imageframe-none imageframe-5 hover-type-none\"><img decoding=\"async\" width=\"300\" height=\"200\" title=\"FB11CC6B-65A1-49C6-9AFA-174C3F2F1129\" src=\"https:\/\/cr.weiss-bochum.de\/wp-content\/uploads\/2019\/03\/FB11CC6B-65A1-49C6-9AFA-174C3F2F1129-300x200.jpeg\" class=\"img-responsive wp-image-208\" srcset=\"https:\/\/cr.weiss-bochum.de\/wp-content\/uploads\/2019\/03\/FB11CC6B-65A1-49C6-9AFA-174C3F2F1129-200x133.jpeg 200w, https:\/\/cr.weiss-bochum.de\/wp-content\/uploads\/2019\/03\/FB11CC6B-65A1-49C6-9AFA-174C3F2F1129-400x267.jpeg 400w, https:\/\/cr.weiss-bochum.de\/wp-content\/uploads\/2019\/03\/FB11CC6B-65A1-49C6-9AFA-174C3F2F1129-600x400.jpeg 600w, https:\/\/cr.weiss-bochum.de\/wp-content\/uploads\/2019\/03\/FB11CC6B-65A1-49C6-9AFA-174C3F2F1129-800x533.jpeg 800w, https:\/\/cr.weiss-bochum.de\/wp-content\/uploads\/2019\/03\/FB11CC6B-65A1-49C6-9AFA-174C3F2F1129-1200x800.jpeg 1200w\" sizes=\"(max-width: 800px) 100vw, 400px\" \/><\/span><div class=\"fusion-clearfix\"><\/div><\/div><\/div><div class=\"fusion-layout-column fusion_builder_column fusion-builder-column-7 fusion_builder_column_1_3 1_3 fusion-one-third fusion-column-last\" style=\"width:33.333333333333%;width:calc(33.333333333333% - ( ( 4% + 4% ) * 0.33333333333333 ) );margin-top:0px;margin-bottom:20px;\"><div class=\"fusion-column-wrapper fusion-flex-column-wrapper-legacy\" style=\"background-position:left top;background-repeat:no-repeat;-webkit-background-size:cover;-moz-background-size:cover;-o-background-size:cover;background-size:cover;padding: 0px 0px 0px 0px;\"><span class=\" fusion-imageframe imageframe-none imageframe-6 hover-type-none\"><img decoding=\"async\" width=\"300\" height=\"200\" title=\"2CF8C08D-9CEF-4796-A6E3-A7516C0FB000\" src=\"https:\/\/cr.weiss-bochum.de\/wp-content\/uploads\/2019\/03\/2CF8C08D-9CEF-4796-A6E3-A7516C0FB000-300x200.jpeg\" class=\"img-responsive wp-image-209\" srcset=\"https:\/\/cr.weiss-bochum.de\/wp-content\/uploads\/2019\/03\/2CF8C08D-9CEF-4796-A6E3-A7516C0FB000-200x133.jpeg 200w, https:\/\/cr.weiss-bochum.de\/wp-content\/uploads\/2019\/03\/2CF8C08D-9CEF-4796-A6E3-A7516C0FB000-400x267.jpeg 400w, https:\/\/cr.weiss-bochum.de\/wp-content\/uploads\/2019\/03\/2CF8C08D-9CEF-4796-A6E3-A7516C0FB000-600x400.jpeg 600w, https:\/\/cr.weiss-bochum.de\/wp-content\/uploads\/2019\/03\/2CF8C08D-9CEF-4796-A6E3-A7516C0FB000-800x533.jpeg 800w, https:\/\/cr.weiss-bochum.de\/wp-content\/uploads\/2019\/03\/2CF8C08D-9CEF-4796-A6E3-A7516C0FB000-1200x800.jpeg 1200w\" sizes=\"(max-width: 800px) 100vw, 400px\" \/><\/span><div class=\"fusion-clearfix\"><\/div><\/div><\/div><div class=\"fusion-layout-column fusion_builder_column fusion-builder-column-8 fusion_builder_column_1_1 1_1 fusion-one-full fusion-column-first fusion-column-last\" style=\"margin-top:0px;margin-bottom:20px;\"><div class=\"fusion-column-wrapper fusion-flex-column-wrapper-legacy\" style=\"background-position:left top;background-repeat:no-repeat;-webkit-background-size:cover;-moz-background-size:cover;-o-background-size:cover;background-size:cover;padding: 0px 0px 0px 0px;\"><div class=\"fusion-text fusion-text-2\"><h2><strong>Ein ruhiger Tag, Hotel genie\u00dfen und am Nachmittag eine Bootstour entlang der K\u00fcste. Den Manuel Antonio Nationalpark kann man auch vom Wasser aus genie\u00dfen.<span class=\"Apple-converted-space\">\u00a0<\/span><\/strong><\/h2>\n<\/div><div class=\"fusion-clearfix\"><\/div><\/div><\/div><\/div><\/div>\n","protected":false},"excerpt":{"rendered":"","protected":false},"author":2,"featured_media":0,"parent":0,"menu_order":0,"comment_status":"closed","ping_status":"closed","template":"","meta":{"footnotes":""},"class_list":["post-195","page","type-page","status-publish","hentry"],"_links":{"self":[{"href":"https:\/\/cr.weiss-bochum.de\/index.php\/wp-json\/wp\/v2\/pages\/195","targetHints":{"allow":["GET"]}}],"collection":[{"href":"https:\/\/cr.weiss-bochum.de\/index.php\/wp-json\/wp\/v2\/pages"}],"about":[{"href":"https:\/\/cr.weiss-bochum.de\/index.php\/wp-json\/wp\/v2\/types\/page"}],"author":[{"embeddable":true,"href":"https:\/\/cr.weiss-bochum.de\/index.php\/wp-json\/wp\/v2\/users\/2"}],"replies":[{"embeddable":true,"href":"https:\/\/cr.weiss-bochum.de\/index.php\/wp-json\/wp\/v2\/comments?post=195"}],"version-history":[{"count":15,"href":"https:\/\/cr.weiss-bochum.de\/index.php\/wp-json\/wp\/v2\/pages\/195\/revisions"}],"predecessor-version":[{"id":302,"href":"https:\/\/cr.weiss-bochum.de\/index.php\/wp-json\/wp\/v2\/pages\/195\/revisions\/302"}],"wp:attachment":[{"href":"https:\/\/cr.weiss-bochum.de\/index.php\/wp-json\/wp\/v2\/media?parent=195"}],"curies":[{"name":"wp","href":"https:\/\/api.w.org\/{rel}","templated":true}]}}